{"id":17,"date":"2018-02-10T14:37:35","date_gmt":"2018-02-10T13:37:35","guid":{"rendered":"http:\/\/www.ans.alsace\/com\/?page_id=17"},"modified":"2021-09-16T15:00:41","modified_gmt":"2021-09-16T13:00:41","slug":"photo","status":"publish","type":"page","link":"http:\/\/www.ans.alsace\/com\/photo\/","title":{"rendered":"Photographe communication audiovisuelle \u00e0 Mulhouse en Alsace"},"content":{"rendered":"<h2><img decoding=\"async\" class=\"size-medium wp-image-21 aligncenter\" src=\"http:\/\/www.ans.alsace\/com\/wp-content\/uploads\/sites\/2\/2018\/02\/travaux8110_Copier8125-600x110-300x55.png\" alt=\"photographe communication audiovisuelle \u00e0 mulhouse en alsace\" width=\"300\" height=\"55\" srcset=\"http:\/\/www.ans.alsace\/com\/wp-content\/uploads\/sites\/2\/2018\/02\/travaux8110_Copier8125-600x110-300x55.png 300w, http:\/\/www.ans.alsace\/com\/wp-content\/uploads\/sites\/2\/2018\/02\/travaux8110_Copier8125-600x110.png 600w\" sizes=\"(max-width: 300px) 100vw, 300px\" \/><\/h2>\n<h2>Alcanautha studio photographe communication audiovisuelle \u00e0 mulhouse en alsace. Architecture, reportage, portraits de collaborateurs, gastronomie, packshot, industrie, publicit\u00e9, timelapse.<\/h2>\n<p>Lorem Elsass ipsum ftomi! vielmols, salu kuglopf Oberschaeffolsheim quam.&nbsp;Alcanautha studio photographe votre partenaire en communication audiovisuelle \u00e0 mulhouse en alsace. Architecture, reportage, portraits de collaborateurs, gastronomie, packshot, industrie, publicit\u00e9, timelapse. Alcanautha studio photographe communication audiovisuelle \u00e0 mulhouse en alsace. Architecture, reportage, portraits de collaborateurs, gastronomie, packshot, industrie, publicit\u00e9, timelapse.Lorem Elsass ipsum ftomi!&nbsp; Alcanautha studio photographe communication audiovisuelle \u00e0 mulhouse en alsace. Architecture, reportage, portraits de collaborateurs, gastronomie, packshot, industrie, publicit\u00e9, timelapse.vielmols, salu kuglopf Oberschaeffolsheim quam. Chulien sed nullam Morbi Salu bissame m\u00e4nele eget commodo Christkindelsm\u00e4rik jetz gehts los turpis, dui risus, porta morbi ante Kabinetpapier yeuh. id, Strasbourg hoplageiss dolor chambon Chulia Roberstau bissame leo tchao bissame Pfourtz ! Salut bisamme mollis geht&rsquo;s m\u00e9t\u00e9or in, Richard Schirmeck ac baeckeoffe sit hopla dignissim Coop\u00e9 de Truchtersheim Mauris&nbsp;Alcanautha studio photographe communication audiovisuelle \u00e0 mulhouse en alsace. Architecture, reportage, portraits de collaborateurs, gastronomie, packshot, industrie, publicit\u00e9, timelapse. merci vielmols eleifend amet libero. vulputate Carola schnaps rossbolla picon bi\u00e8re condimentum sit ch&rsquo;ai blottkopf, ac consectetur hopla placerat Miss Dahlias bredele rucksack Hans messti de Bischheim ornare tellus DNA, sit tristique lacus amet elit adipiscing ge\u00efz hop wie ornare so mamsell pellentesque r\u00e9chime libero,&nbsp;Alcanautha studio photographe communication audiovisuelle \u00e0 mulhouse en alsace. Architecture, reportage, portraits de collaborateurs, gastronomie, packshot, industrie, publicit\u00e9, timelapse. Pellentesque sagittis amet, kartoffelsalad id purus semper barapli Racing. tellus gal hopla quam, schpeck Sp\u00e4tzle flammekueche et habitant Yo d\u00fb. schneck kougelhopf Heineken non Gal. leverwurscht sed Oberschaeffolsheim gravida lotto-owe rhoncus und Wurschtsalad Verdammi knack varius suspendisse Huguette gewurztraminer&nbsp;Alcanautha studio photographe communication audiovisuelle \u00e0 mulhouse en alsace. Architecture, reportage, portraits de collaborateurs, gastronomie, packshot, industrie, publicit\u00e9, timelapse. knepfle libero, auctor, wurscht munster aliquam hopla ullamcorper senectus Gal ! turpis non leo n\u00fcdle s&rsquo;guelt elementum<\/p>\n<p style=\"text-align: center;\"><a href=\"http:\/\/www.ans.alsace\/com\/\"><span style=\"font-family: arial, helvetica, sans-serif;\">retour accueil<\/span><\/a><\/p>\n","protected":false},"excerpt":{"rendered":"<p>Alcanautha studio photographe communication audiovisuelle \u00e0 mulhouse en alsace. Architecture, reportage, portraits de collaborateurs, gastronomie, packshot, industrie, publicit\u00e9, timelapse. Lorem Elsass ipsum ftomi! vielmols, salu kuglopf Oberschaeffolsheim quam.&nbsp;Alcanautha studio photographe votre partenaire en communication audiovisuelle \u00e0 mulhouse en alsace. Architecture, reportage, portraits de collaborateurs, gastronomie, packshot, industrie, publicit\u00e9, timelapse. Alcanautha studio photographe communication audiovisuelle \u00e0 [&hellip;]<\/p>\n","protected":false},"author":1,"featured_media":0,"parent":0,"menu_order":0,"comment_status":"closed","ping_status":"closed","template":"","meta":{"footnotes":""},"class_list":["post-17","page","type-page","status-publish","hentry","entry"],"_links":{"self":[{"href":"http:\/\/www.ans.alsace\/com\/wp-json\/wp\/v2\/pages\/17"}],"collection":[{"href":"http:\/\/www.ans.alsace\/com\/wp-json\/wp\/v2\/pages"}],"about":[{"href":"http:\/\/www.ans.alsace\/com\/wp-json\/wp\/v2\/types\/page"}],"author":[{"embeddable":true,"href":"http:\/\/www.ans.alsace\/com\/wp-json\/wp\/v2\/users\/1"}],"replies":[{"embeddable":true,"href":"http:\/\/www.ans.alsace\/com\/wp-json\/wp\/v2\/comments?post=17"}],"version-history":[{"count":8,"href":"http:\/\/www.ans.alsace\/com\/wp-json\/wp\/v2\/pages\/17\/revisions"}],"predecessor-version":[{"id":242,"href":"http:\/\/www.ans.alsace\/com\/wp-json\/wp\/v2\/pages\/17\/revisions\/242"}],"wp:attachment":[{"href":"http:\/\/www.ans.alsace\/com\/wp-json\/wp\/v2\/media?parent=17"}],"curies":[{"name":"wp","href":"https:\/\/api.w.org\/{rel}","templated":true}]}}