{"id":16,"date":"2018-02-11T16:15:02","date_gmt":"2018-02-11T15:15:02","guid":{"rendered":"http:\/\/www.ans.alsace\/entertainment\/?page_id=16"},"modified":"2022-07-26T19:07:43","modified_gmt":"2022-07-26T17:07:43","slug":"mapping","status":"publish","type":"page","link":"http:\/\/www.ans.alsace\/entertainment\/mapping\/","title":{"rendered":"Mapping &#8211; Conception et cr\u00e9ation de contenus pour vos spectacles"},"content":{"rendered":"\t\t<div data-elementor-type=\"wp-page\" data-elementor-id=\"16\" class=\"elementor elementor-16\">\n\t\t\t\t\t\t<section class=\"elementor-section elementor-top-section elementor-element elementor-element-22df314d elementor-section-boxed elementor-section-height-default elementor-section-height-default\" data-id=\"22df314d\" data-element_type=\"section\">\n\t\t\t\t\t\t<div class=\"elementor-container elementor-column-gap-default\">\n\t\t\t\t\t<div class=\"elementor-column elementor-col-100 elementor-top-column elementor-element elementor-element-2ec9d580\" data-id=\"2ec9d580\" data-element_type=\"column\">\n\t\t\t<div class=\"elementor-widget-wrap elementor-element-populated\">\n\t\t\t\t\t\t<div class=\"elementor-element elementor-element-3384af00 elementor-widget elementor-widget-text-editor\" data-id=\"3384af00\" data-element_type=\"widget\" data-widget_type=\"text-editor.default\">\n\t\t\t\t<div class=\"elementor-widget-container\">\n\t\t\t\t\t\t\t\t\t<h2><span style=\"color: #bebec8;\" data-sheets-value=\"{&quot;1&quot;:2,&quot;2&quot;:&quot;Alcanautha studio votre partenaire en cr\u00e9ation audiovisuelle pour le mapping \u00e0 Mulhouse Colmar et Strasbourg en alsace. Conception et cr\u00e9ation de contenus visuels pour le mapping architectural&quot;}\" data-sheets-userformat=\"{&quot;2&quot;:513,&quot;3&quot;:{&quot;1&quot;:0},&quot;12&quot;:0}\">Alcanautha studio votre partenaire en cr\u00e9ation audiovisuelle pour le mapping \u00e0 Mulhouse Colmar et Strasbourg en alsace. Conception et cr\u00e9ation de contenus visuels pour le mapping architectural.<\/span><\/h2><p><img decoding=\"async\" class=\"size-medium wp-image-7 aligncenter\" src=\"http:\/\/www.ans.alsace\/entertainment\/wp-content\/uploads\/sites\/7\/2018\/02\/travaux8110_Copier8125-600x110-300x55.png\" alt=\"cr\u00e9ation audiovisuelle pour le mapping \u00e0 Mulhouse\" width=\"300\" height=\"55\" srcset=\"http:\/\/www.ans.alsace\/entertainment\/wp-content\/uploads\/sites\/7\/2018\/02\/travaux8110_Copier8125-600x110-300x55.png 300w, http:\/\/www.ans.alsace\/entertainment\/wp-content\/uploads\/sites\/7\/2018\/02\/travaux8110_Copier8125-600x110.png 600w\" sizes=\"(max-width: 300px) 100vw, 300px\" \/><\/p><p><span style=\"color: #010100;\">\u00a0<\/span><\/p>\t\t\t\t\t\t\t\t<\/div>\n\t\t\t\t<\/div>\n\t\t\t\t\t<\/div>\n\t\t<\/div>\n\t\t\t\t\t<\/div>\n\t\t<\/section>\n\t\t\t\t<section class=\"elementor-section elementor-top-section elementor-element elementor-element-874c432 elementor-section-boxed elementor-section-height-default elementor-section-height-default\" data-id=\"874c432\" data-element_type=\"section\">\n\t\t\t\t\t\t<div class=\"elementor-container elementor-column-gap-default\">\n\t\t\t\t\t<div class=\"elementor-column elementor-col-100 elementor-top-column elementor-element elementor-element-a992cce\" data-id=\"a992cce\" data-element_type=\"column\">\n\t\t\t<div class=\"elementor-widget-wrap elementor-element-populated\">\n\t\t\t\t\t\t<div class=\"elementor-element elementor-element-50942d3 elementor-widget elementor-widget-image-gallery\" data-id=\"50942d3\" data-element_type=\"widget\" data-widget_type=\"image-gallery.default\">\n\t\t\t\t<div class=\"elementor-widget-container\">\n\t\t\t\t\t\t\t<div class=\"elementor-image-gallery\">\n\t\t\t<div id='gallery-1' class='gallery galleryid-16 gallery-columns-4 gallery-size-thumbnail'><figure class='gallery-item'>\n\t\t\t<div class='gallery-icon portrait'>\n\t\t\t\t<a data-elementor-open-lightbox=\"yes\" data-elementor-lightbox-slideshow=\"50942d3\" data-elementor-lightbox-title=\"creation mapping alsace octophonia 04\" data-elementor-lightbox-description=\"reproduction architecturale de la cath\u00e9drale d\u2019Aix la chapelle dans le cadre du mapping octophonia\" data-e-action-hash=\"#elementor-action%3Aaction%3Dlightbox%26settings%3DeyJpZCI6OTcsInVybCI6Imh0dHA6XC9cL3d3dy5hbnMuYWxzYWNlXC9lbnRlcnRhaW5tZW50XC93cC1jb250ZW50XC91cGxvYWRzXC9zaXRlc1wvN1wvMjAyMlwvMDZcL2NyZWF0aW9uLW1hcHBpbmctYWxzYWNlLW9jdG9waG9uaWEtMDQuanBnIiwic2xpZGVzaG93IjoiNTA5NDJkMyJ9\" href='http:\/\/www.ans.alsace\/entertainment\/wp-content\/uploads\/sites\/7\/2022\/06\/creation-mapping-alsace-octophonia-04.jpg'><img decoding=\"async\" width=\"150\" height=\"150\" src=\"http:\/\/www.ans.alsace\/entertainment\/wp-content\/uploads\/sites\/7\/2022\/06\/creation-mapping-alsace-octophonia-04-150x150.jpg\" class=\"attachment-thumbnail size-thumbnail\" alt=\"creation mapping alsace mulhouse\" aria-describedby=\"gallery-1-97\" srcset=\"http:\/\/www.ans.alsace\/entertainment\/wp-content\/uploads\/sites\/7\/2022\/06\/creation-mapping-alsace-octophonia-04-150x150.jpg 150w, http:\/\/www.ans.alsace\/entertainment\/wp-content\/uploads\/sites\/7\/2022\/06\/creation-mapping-alsace-octophonia-04-600x600.jpg 600w\" sizes=\"(max-width: 150px) 100vw, 150px\" \/><\/a>\n\t\t\t<\/div>\n\t\t\t\t<figcaption class='wp-caption-text gallery-caption' id='gallery-1-97'>\n\t\t\t\treproduction architecturale de la cath\u00e9drale d\u2019Aix la chapelle dans le cadre du mapping octophonia\n\t\t\t\t<\/figcaption><\/figure><figure class='gallery-item'>\n\t\t\t<div class='gallery-icon portrait'>\n\t\t\t\t<a data-elementor-open-lightbox=\"yes\" data-elementor-lightbox-slideshow=\"50942d3\" data-elementor-lightbox-title=\"creation mapping alsace octophonia 01\" data-elementor-lightbox-description=\"Cr\u00e9ation d&#039;un d\u00e9cors de type art nouveau inspir\u00e9 de la ville de Vienne,  dans le cadre du mapping octophonia\" data-e-action-hash=\"#elementor-action%3Aaction%3Dlightbox%26settings%3DeyJpZCI6OTQsInVybCI6Imh0dHA6XC9cL3d3dy5hbnMuYWxzYWNlXC9lbnRlcnRhaW5tZW50XC93cC1jb250ZW50XC91cGxvYWRzXC9zaXRlc1wvN1wvMjAyMlwvMDZcL2NyZWF0aW9uLW1hcHBpbmctYWxzYWNlLW9jdG9waG9uaWEtMDEuanBnIiwic2xpZGVzaG93IjoiNTA5NDJkMyJ9\" href='http:\/\/www.ans.alsace\/entertainment\/wp-content\/uploads\/sites\/7\/2022\/06\/creation-mapping-alsace-octophonia-01.jpg'><img decoding=\"async\" width=\"150\" height=\"150\" src=\"http:\/\/www.ans.alsace\/entertainment\/wp-content\/uploads\/sites\/7\/2022\/06\/creation-mapping-alsace-octophonia-01-150x150.jpg\" class=\"attachment-thumbnail size-thumbnail\" alt=\"creation mapping alsace mulhouse\" aria-describedby=\"gallery-1-94\" srcset=\"http:\/\/www.ans.alsace\/entertainment\/wp-content\/uploads\/sites\/7\/2022\/06\/creation-mapping-alsace-octophonia-01-150x150.jpg 150w, http:\/\/www.ans.alsace\/entertainment\/wp-content\/uploads\/sites\/7\/2022\/06\/creation-mapping-alsace-octophonia-01-600x600.jpg 600w\" sizes=\"(max-width: 150px) 100vw, 150px\" \/><\/a>\n\t\t\t<\/div>\n\t\t\t\t<figcaption class='wp-caption-text gallery-caption' id='gallery-1-94'>\n\t\t\t\tCr\u00e9ation d&rsquo;un d\u00e9cors de type art nouveau inspir\u00e9 de la ville de Vienne,  dans le cadre du mapping octophonia\n\t\t\t\t<\/figcaption><\/figure><figure class='gallery-item'>\n\t\t\t<div class='gallery-icon portrait'>\n\t\t\t\t<a data-elementor-open-lightbox=\"yes\" data-elementor-lightbox-slideshow=\"50942d3\" data-elementor-lightbox-title=\"creation mapping alsace octophonia 02\" data-elementor-lightbox-description=\"Cr\u00e9ation d&#039;un d\u00e9cors 3D de foret onirique dans le cadre du mapping octophonia\" data-e-action-hash=\"#elementor-action%3Aaction%3Dlightbox%26settings%3DeyJpZCI6OTUsInVybCI6Imh0dHA6XC9cL3d3dy5hbnMuYWxzYWNlXC9lbnRlcnRhaW5tZW50XC93cC1jb250ZW50XC91cGxvYWRzXC9zaXRlc1wvN1wvMjAyMlwvMDZcL2NyZWF0aW9uLW1hcHBpbmctYWxzYWNlLW9jdG9waG9uaWEtMDIuanBnIiwic2xpZGVzaG93IjoiNTA5NDJkMyJ9\" href='http:\/\/www.ans.alsace\/entertainment\/wp-content\/uploads\/sites\/7\/2022\/06\/creation-mapping-alsace-octophonia-02.jpg'><img loading=\"lazy\" decoding=\"async\" width=\"150\" height=\"150\" src=\"http:\/\/www.ans.alsace\/entertainment\/wp-content\/uploads\/sites\/7\/2022\/06\/creation-mapping-alsace-octophonia-02-150x150.jpg\" class=\"attachment-thumbnail size-thumbnail\" alt=\"creation mapping alsace mulhouse\" aria-describedby=\"gallery-1-95\" srcset=\"http:\/\/www.ans.alsace\/entertainment\/wp-content\/uploads\/sites\/7\/2022\/06\/creation-mapping-alsace-octophonia-02-150x150.jpg 150w, http:\/\/www.ans.alsace\/entertainment\/wp-content\/uploads\/sites\/7\/2022\/06\/creation-mapping-alsace-octophonia-02-600x600.jpg 600w\" sizes=\"(max-width: 150px) 100vw, 150px\" \/><\/a>\n\t\t\t<\/div>\n\t\t\t\t<figcaption class='wp-caption-text gallery-caption' id='gallery-1-95'>\n\t\t\t\tCr\u00e9ation d&rsquo;un d\u00e9cors 3D de foret onirique dans le cadre du mapping octophonia\n\t\t\t\t<\/figcaption><\/figure><figure class='gallery-item'>\n\t\t\t<div class='gallery-icon portrait'>\n\t\t\t\t<a data-elementor-open-lightbox=\"yes\" data-elementor-lightbox-slideshow=\"50942d3\" data-elementor-lightbox-title=\"creation mapping alsace octophonia 03\" data-elementor-lightbox-description=\"reproduction d&#039;\u00e9l\u00e9ments architecturaux et iconographique  dans le cadre du mapping octophonia\" data-e-action-hash=\"#elementor-action%3Aaction%3Dlightbox%26settings%3DeyJpZCI6OTYsInVybCI6Imh0dHA6XC9cL3d3dy5hbnMuYWxzYWNlXC9lbnRlcnRhaW5tZW50XC93cC1jb250ZW50XC91cGxvYWRzXC9zaXRlc1wvN1wvMjAyMlwvMDZcL2NyZWF0aW9uLW1hcHBpbmctYWxzYWNlLW9jdG9waG9uaWEtMDMuanBnIiwic2xpZGVzaG93IjoiNTA5NDJkMyJ9\" href='http:\/\/www.ans.alsace\/entertainment\/wp-content\/uploads\/sites\/7\/2022\/06\/creation-mapping-alsace-octophonia-03.jpg'><img loading=\"lazy\" decoding=\"async\" width=\"150\" height=\"150\" src=\"http:\/\/www.ans.alsace\/entertainment\/wp-content\/uploads\/sites\/7\/2022\/06\/creation-mapping-alsace-octophonia-03-150x150.jpg\" class=\"attachment-thumbnail size-thumbnail\" alt=\"creation mapping alsace mulhouse\" aria-describedby=\"gallery-1-96\" srcset=\"http:\/\/www.ans.alsace\/entertainment\/wp-content\/uploads\/sites\/7\/2022\/06\/creation-mapping-alsace-octophonia-03-150x150.jpg 150w, http:\/\/www.ans.alsace\/entertainment\/wp-content\/uploads\/sites\/7\/2022\/06\/creation-mapping-alsace-octophonia-03-600x600.jpg 600w\" sizes=\"(max-width: 150px) 100vw, 150px\" \/><\/a>\n\t\t\t<\/div>\n\t\t\t\t<figcaption class='wp-caption-text gallery-caption' id='gallery-1-96'>\n\t\t\t\treproduction d&rsquo;\u00e9l\u00e9ments architecturaux et iconographique  dans le cadre du mapping octophonia\n\t\t\t\t<\/figcaption><\/figure>\n\t\t<\/div>\n\t\t<\/div>\n\t\t\t\t\t\t<\/div>\n\t\t\t\t<\/div>\n\t\t\t\t\t<\/div>\n\t\t<\/div>\n\t\t\t\t\t<\/div>\n\t\t<\/section>\n\t\t\t\t<section class=\"elementor-section elementor-top-section elementor-element elementor-element-9c7b4dc elementor-section-boxed elementor-section-height-default elementor-section-height-default\" data-id=\"9c7b4dc\" data-element_type=\"section\">\n\t\t\t\t\t\t<div class=\"elementor-container elementor-column-gap-default\">\n\t\t\t\t\t<div class=\"elementor-column elementor-col-50 elementor-top-column elementor-element elementor-element-dc4f75a\" data-id=\"dc4f75a\" data-element_type=\"column\">\n\t\t\t<div class=\"elementor-widget-wrap elementor-element-populated\">\n\t\t\t\t\t\t<div class=\"elementor-element elementor-element-2edb68f elementor-widget elementor-widget-video\" data-id=\"2edb68f\" data-element_type=\"widget\" data-settings=\"{&quot;youtube_url&quot;:&quot;https:\\\/\\\/youtu.be\\\/jAoDSwFZlwM&quot;,&quot;autoplay&quot;:&quot;yes&quot;,&quot;mute&quot;:&quot;yes&quot;,&quot;loop&quot;:&quot;yes&quot;,&quot;video_type&quot;:&quot;youtube&quot;,&quot;controls&quot;:&quot;yes&quot;}\" data-widget_type=\"video.default\">\n\t\t\t\t<div class=\"elementor-widget-container\">\n\t\t\t\t\t\t\t<div class=\"elementor-wrapper elementor-open-inline\">\n\t\t\t<div class=\"elementor-video\"><\/div>\t\t<\/div>\n\t\t\t\t\t\t<\/div>\n\t\t\t\t<\/div>\n\t\t\t\t\t<\/div>\n\t\t<\/div>\n\t\t\t\t<div class=\"elementor-column elementor-col-50 elementor-top-column elementor-element elementor-element-653d7e2\" data-id=\"653d7e2\" data-element_type=\"column\">\n\t\t\t<div class=\"elementor-widget-wrap elementor-element-populated\">\n\t\t\t\t\t\t<div class=\"elementor-element elementor-element-a8e4a50 elementor-widget elementor-widget-video\" data-id=\"a8e4a50\" data-element_type=\"widget\" data-settings=\"{&quot;youtube_url&quot;:&quot;https:\\\/\\\/youtu.be\\\/_TB3xTvnMhU&quot;,&quot;autoplay&quot;:&quot;yes&quot;,&quot;mute&quot;:&quot;yes&quot;,&quot;video_type&quot;:&quot;youtube&quot;,&quot;controls&quot;:&quot;yes&quot;}\" data-widget_type=\"video.default\">\n\t\t\t\t<div class=\"elementor-widget-container\">\n\t\t\t\t\t\t\t<div class=\"elementor-wrapper elementor-open-inline\">\n\t\t\t<div class=\"elementor-video\"><\/div>\t\t<\/div>\n\t\t\t\t\t\t<\/div>\n\t\t\t\t<\/div>\n\t\t\t\t\t<\/div>\n\t\t<\/div>\n\t\t\t\t\t<\/div>\n\t\t<\/section>\n\t\t\t\t<section class=\"elementor-section elementor-top-section elementor-element elementor-element-54d00f9 elementor-section-boxed elementor-section-height-default elementor-section-height-default\" data-id=\"54d00f9\" data-element_type=\"section\">\n\t\t\t\t\t\t<div class=\"elementor-container elementor-column-gap-default\">\n\t\t\t\t\t<div class=\"elementor-column elementor-col-100 elementor-top-column elementor-element elementor-element-370358c\" data-id=\"370358c\" data-element_type=\"column\">\n\t\t\t<div class=\"elementor-widget-wrap\">\n\t\t\t\t\t\t\t<\/div>\n\t\t<\/div>\n\t\t\t\t\t<\/div>\n\t\t<\/section>\n\t\t\t\t<section class=\"elementor-section elementor-top-section elementor-element elementor-element-76d8539 elementor-section-boxed elementor-section-height-default elementor-section-height-default\" data-id=\"76d8539\" data-element_type=\"section\">\n\t\t\t\t\t\t<div class=\"elementor-container elementor-column-gap-default\">\n\t\t\t\t\t<div class=\"elementor-column elementor-col-50 elementor-top-column elementor-element elementor-element-cac70f7\" data-id=\"cac70f7\" data-element_type=\"column\">\n\t\t\t<div class=\"elementor-widget-wrap elementor-element-populated\">\n\t\t\t\t\t\t<div class=\"elementor-element elementor-element-f03f04e elementor-widget elementor-widget-video\" data-id=\"f03f04e\" data-element_type=\"widget\" data-settings=\"{&quot;youtube_url&quot;:&quot;https:\\\/\\\/youtu.be\\\/gH-T9AB1ocQ&quot;,&quot;autoplay&quot;:&quot;yes&quot;,&quot;mute&quot;:&quot;yes&quot;,&quot;loop&quot;:&quot;yes&quot;,&quot;video_type&quot;:&quot;youtube&quot;,&quot;controls&quot;:&quot;yes&quot;}\" data-widget_type=\"video.default\">\n\t\t\t\t<div class=\"elementor-widget-container\">\n\t\t\t\t\t\t\t<div class=\"elementor-wrapper elementor-open-inline\">\n\t\t\t<div class=\"elementor-video\"><\/div>\t\t<\/div>\n\t\t\t\t\t\t<\/div>\n\t\t\t\t<\/div>\n\t\t\t\t\t<\/div>\n\t\t<\/div>\n\t\t\t\t<div class=\"elementor-column elementor-col-50 elementor-top-column elementor-element elementor-element-38530c6\" data-id=\"38530c6\" data-element_type=\"column\">\n\t\t\t<div class=\"elementor-widget-wrap elementor-element-populated\">\n\t\t\t\t\t\t<div class=\"elementor-element elementor-element-cefc471 elementor-widget elementor-widget-video\" data-id=\"cefc471\" data-element_type=\"widget\" data-settings=\"{&quot;youtube_url&quot;:&quot;https:\\\/\\\/youtu.be\\\/N6vS75fDVx4&quot;,&quot;autoplay&quot;:&quot;yes&quot;,&quot;mute&quot;:&quot;yes&quot;,&quot;loop&quot;:&quot;yes&quot;,&quot;video_type&quot;:&quot;youtube&quot;,&quot;controls&quot;:&quot;yes&quot;}\" data-widget_type=\"video.default\">\n\t\t\t\t<div class=\"elementor-widget-container\">\n\t\t\t\t\t\t\t<div class=\"elementor-wrapper elementor-open-inline\">\n\t\t\t<div class=\"elementor-video\"><\/div>\t\t<\/div>\n\t\t\t\t\t\t<\/div>\n\t\t\t\t<\/div>\n\t\t\t\t\t<\/div>\n\t\t<\/div>\n\t\t\t\t\t<\/div>\n\t\t<\/section>\n\t\t\t\t<section class=\"elementor-section elementor-top-section elementor-element elementor-element-b628206 elementor-section-boxed elementor-section-height-default elementor-section-height-default\" data-id=\"b628206\" data-element_type=\"section\">\n\t\t\t\t\t\t<div class=\"elementor-container elementor-column-gap-default\">\n\t\t\t\t\t<div class=\"elementor-column elementor-col-100 elementor-top-column elementor-element elementor-element-aaf4ca5\" data-id=\"aaf4ca5\" data-element_type=\"column\">\n\t\t\t<div class=\"elementor-widget-wrap elementor-element-populated\">\n\t\t\t\t\t\t<div class=\"elementor-element elementor-element-8b5fab1 elementor-widget elementor-widget-video\" data-id=\"8b5fab1\" data-element_type=\"widget\" data-settings=\"{&quot;youtube_url&quot;:&quot;https:\\\/\\\/youtu.be\\\/HtLV0C2dkKE&quot;,&quot;autoplay&quot;:&quot;yes&quot;,&quot;mute&quot;:&quot;yes&quot;,&quot;loop&quot;:&quot;yes&quot;,&quot;video_type&quot;:&quot;youtube&quot;,&quot;controls&quot;:&quot;yes&quot;}\" data-widget_type=\"video.default\">\n\t\t\t\t<div class=\"elementor-widget-container\">\n\t\t\t\t\t\t\t<div class=\"elementor-wrapper elementor-open-inline\">\n\t\t\t<div class=\"elementor-video\"><\/div>\t\t<\/div>\n\t\t\t\t\t\t<\/div>\n\t\t\t\t<\/div>\n\t\t\t\t\t<\/div>\n\t\t<\/div>\n\t\t\t\t\t<\/div>\n\t\t<\/section>\n\t\t\t\t<\/div>\n\t\t","protected":false},"excerpt":{"rendered":"<p>Alcanautha studio votre partenaire en cr\u00e9ation audiovisuelle pour le mapping \u00e0 Mulhouse Colmar et Strasbourg en alsace. Conception et cr\u00e9ation de contenus visuels pour le mapping architectural. reproduction architecturale de la cath\u00e9drale d\u2019Aix la chapelle dans le cadre du mapping octophonia Cr\u00e9ation d\u2019un d\u00e9cors de type art nouveau inspir\u00e9 de la ville de Vienne, dans [&hellip;]<\/p>\n","protected":false},"author":1,"featured_media":0,"parent":0,"menu_order":0,"comment_status":"closed","ping_status":"closed","template":"","meta":{"footnotes":""},"class_list":["post-16","page","type-page","status-publish","hentry","entry"],"_links":{"self":[{"href":"http:\/\/www.ans.alsace\/entertainment\/wp-json\/wp\/v2\/pages\/16"}],"collection":[{"href":"http:\/\/www.ans.alsace\/entertainment\/wp-json\/wp\/v2\/pages"}],"about":[{"href":"http:\/\/www.ans.alsace\/entertainment\/wp-json\/wp\/v2\/types\/page"}],"author":[{"embeddable":true,"href":"http:\/\/www.ans.alsace\/entertainment\/wp-json\/wp\/v2\/users\/1"}],"replies":[{"embeddable":true,"href":"http:\/\/www.ans.alsace\/entertainment\/wp-json\/wp\/v2\/comments?post=16"}],"version-history":[{"count":28,"href":"http:\/\/www.ans.alsace\/entertainment\/wp-json\/wp\/v2\/pages\/16\/revisions"}],"predecessor-version":[{"id":319,"href":"http:\/\/www.ans.alsace\/entertainment\/wp-json\/wp\/v2\/pages\/16\/revisions\/319"}],"wp:attachment":[{"href":"http:\/\/www.ans.alsace\/entertainment\/wp-json\/wp\/v2\/media?parent=16"}],"curies":[{"name":"wp","href":"https:\/\/api.w.org\/{rel}","templated":true}]}}