{"id":19,"date":"2018-02-11T16:42:36","date_gmt":"2018-02-11T15:42:36","guid":{"rendered":"http:\/\/www.ans.alsace\/entertainment\/?page_id=19"},"modified":"2018-02-11T18:14:24","modified_gmt":"2018-02-11T17:14:24","slug":"clip","status":"publish","type":"page","link":"http:\/\/www.ans.alsace\/entertainment\/clip\/","title":{"rendered":"Clip et Live"},"content":{"rendered":"<h2><span style=\"color: #bebec8;\">Alcanautha studio votre partenaire en r\u00e9alisation de clip musicaux et captation live \u00e0 Mulhouse Colmar et Strasbourg Alsace. Tournage ext\u00e9rieur ou studio classique et greenscreen.<\/span><\/h2>\n<p><img decoding=\"async\" class=\"aligncenter wp-image-7 size-medium\" src=\"http:\/\/www.ans.alsace\/entertainment\/wp-content\/uploads\/sites\/7\/2018\/02\/travaux8110_Copier8125-600x110-300x55.png\" alt=\"Alcanautha studio votre partenaire en r\u00e9alisation clip musicaux et captation live \u00e0 Mulhouse Colmar et Strasbourg Alsace. Tournage ext\u00e9rieur ou studio classique et greenscreen.\" width=\"300\" height=\"55\" srcset=\"http:\/\/www.ans.alsace\/entertainment\/wp-content\/uploads\/sites\/7\/2018\/02\/travaux8110_Copier8125-600x110-300x55.png 300w, http:\/\/www.ans.alsace\/entertainment\/wp-content\/uploads\/sites\/7\/2018\/02\/travaux8110_Copier8125-600x110.png 600w\" sizes=\"(max-width: 300px) 100vw, 300px\" \/><\/p>\n<p>&nbsp;<\/p>\n<p style=\"text-align: center;\"><iframe width=\"600\" height=\"338\" src=\"https:\/\/www.youtube.com\/embed\/kQFz7iBaEg8?rel=0\" frameborder=\"0\" allow=\"autoplay; encrypted-media\" allowfullscreen><\/iframe><\/p>\n<p style=\"text-align: center;\"><iframe src=\"https:\/\/player.vimeo.com\/video\/149740365?title=0&amp;byline=0&amp;portrait=0\" width=\"600\" height=\"250\" frameborder=\"0\" allowfullscreen=\"allowfullscreen\"><\/iframe><\/p>\n<p style=\"text-align: center;\"><iframe src=\"https:\/\/player.vimeo.com\/video\/27404886?title=0&amp;byline=0&amp;portrait=0\" width=\"600\" height=\"255\" frameborder=\"0\" allowfullscreen=\"allowfullscreen\"><\/iframe><\/p>\n<p style=\"text-align: center;\"><iframe src=\"https:\/\/player.vimeo.com\/video\/161596343?title=0&amp;byline=0&amp;portrait=0\" width=\"600\" height=\"338\" frameborder=\"0\" allowfullscreen=\"allowfullscreen\"><\/iframe><\/p>\n<p style=\"text-align: center;\"><iframe src=\"https:\/\/player.vimeo.com\/video\/149740366?title=0&amp;byline=0&amp;portrait=0\" width=\"600\" height=\"257\" frameborder=\"0\" allowfullscreen=\"allowfullscreen\"><\/iframe><\/p>\n<p><span style=\"color: #010100;\">Lorem Elsass ipsum semper id, Alcanautha studio votre partenaire en r\u00e9alisation clip musicaux et captation live \u00e0 Mulhouse Colmar et Strasbourg Alsace. Tournage ext\u00e9rieur ou studio classique et greenscreen. sit hopla salu Carola kartoffelsalad ge\u00efz Morbi bissame sed amet varius risus, dolor Richard Schirmeck turpis ac blottkopf, dignissim Huguette libero, leverwurscht porta Salut bisamme geht&rsquo;s n\u00fcdle Yo d\u00fb. commodo suspendisse Alcanautha studio votre partenaire en r\u00e9alisation clip musicaux et captation live \u00e0 Mulhouse Colmar et Strasbourg Alsace. Tournage ext\u00e9rieur ou studio classique et greenscreen. senectus gravida purus gewurztraminer Christkindelsm\u00e4rik bredele rossbolla Heineken s&rsquo;guelt Racing. aliquam Salu bissame mamsell eget quam. Strasbourg non tristique Sp\u00e4tzle consectetur habitant merci vielmols baeckeoffe schneck Gal. ullamcorper et Chulia Roberstau picon bi\u00e8re\u00a0Alcanautha studio votre partenaire en r\u00e9alisation de clip musicaux \u00e0 Mulhouse et Strasbourg Alsace. Tournage ext\u00e9rieur ou studio classique et greenscreen. Oberschaeffolsheim libero, id Kabinetpapier elit Hans ornare hopla flammekueche chambon ch&rsquo;ai sagittis m\u00e4nele libero. Verdammi knepfle eleifend m\u00e9t\u00e9or Alcanautha studio votre partenaire en r\u00e9alisation clip musicaux et captation live \u00e0 Mulhouse Colmar et Strasbourg Alsace. Tournage ext\u00e9rieur ou studio classique et greenscreen. und kougelhopf vulputate so leo amet, condimentum Coop\u00e9 de Truchtersheim Mauris Oberschaeffolsheim elementum gal placerat turpis, sed rhoncus morbi Pfourtz ! ftomi! dui kuglopf Chulien ac amet in, nullam hop lotto-owe schpeck hopla DNA, r\u00e9chime Pellentesque messti de Bischheim tchao bissame tellus lacus schnaps vielmols, barapli leo sit knack hoplageiss non yeuh. Wurschtsalad Alcanautha studio votre partenaire en r\u00e9alisation clip musicaux et captation live \u00e0 Mulhouse Colmar et Strasbourg Alsace. Tournage ext\u00e9rieur ou studio classique et greenscreen.. Tournage ext\u00e9rieur ou studio classique et greenscreen. sit rucksack adipiscing wurscht ante auctor, ornare hopla tellus wie munster Gal ! pellentesque jetz gehts los quam, mollis Miss Dahlias Alcanautha studio votre partenaire en r\u00e9alisation de clip musicaux \u00e0 Mulhouse et Strasbourg Alsace. Tournage ext\u00e9rieur ou studio classique et greenscreen.<\/span><\/p>\n","protected":false},"excerpt":{"rendered":"<p>Alcanautha studio votre partenaire en r\u00e9alisation de clip musicaux et captation live \u00e0 Mulhouse Colmar et Strasbourg Alsace. Tournage ext\u00e9rieur ou studio classique et greenscreen. &nbsp; Lorem Elsass ipsum semper id, Alcanautha studio votre partenaire en r\u00e9alisation clip musicaux et captation live \u00e0 Mulhouse Colmar et Strasbourg Alsace. Tournage ext\u00e9rieur ou studio classique et greenscreen. [&hellip;]<\/p>\n","protected":false},"author":1,"featured_media":0,"parent":0,"menu_order":0,"comment_status":"closed","ping_status":"closed","template":"","meta":{"footnotes":""},"class_list":["post-19","page","type-page","status-publish","hentry","entry"],"_links":{"self":[{"href":"http:\/\/www.ans.alsace\/entertainment\/wp-json\/wp\/v2\/pages\/19"}],"collection":[{"href":"http:\/\/www.ans.alsace\/entertainment\/wp-json\/wp\/v2\/pages"}],"about":[{"href":"http:\/\/www.ans.alsace\/entertainment\/wp-json\/wp\/v2\/types\/page"}],"author":[{"embeddable":true,"href":"http:\/\/www.ans.alsace\/entertainment\/wp-json\/wp\/v2\/users\/1"}],"replies":[{"embeddable":true,"href":"http:\/\/www.ans.alsace\/entertainment\/wp-json\/wp\/v2\/comments?post=19"}],"version-history":[{"count":12,"href":"http:\/\/www.ans.alsace\/entertainment\/wp-json\/wp\/v2\/pages\/19\/revisions"}],"predecessor-version":[{"id":68,"href":"http:\/\/www.ans.alsace\/entertainment\/wp-json\/wp\/v2\/pages\/19\/revisions\/68"}],"wp:attachment":[{"href":"http:\/\/www.ans.alsace\/entertainment\/wp-json\/wp\/v2\/media?parent=19"}],"curies":[{"name":"wp","href":"https:\/\/api.w.org\/{rel}","templated":true}]}}