{"id":259,"date":"2022-07-14T17:02:06","date_gmt":"2022-07-14T15:02:06","guid":{"rendered":"http:\/\/www.ans.alsace\/entertainment\/?page_id=259"},"modified":"2022-07-27T10:17:01","modified_gmt":"2022-07-27T08:17:01","slug":"video-mapping-museographie-lhistoire-de-la-construction-du-transsiberien-au-parc-ecozonia","status":"publish","type":"page","link":"http:\/\/www.ans.alsace\/entertainment\/video-mapping-museographie-lhistoire-de-la-construction-du-transsiberien-au-parc-ecozonia\/","title":{"rendered":"Vid\u00e9o mapping mus\u00e9ographie, l&rsquo;histoire de la construction du transsib\u00e9rien,  au parc Ecozonia"},"content":{"rendered":"\t\t<div data-elementor-type=\"wp-page\" data-elementor-id=\"259\" class=\"elementor elementor-259\">\n\t\t\t\t\t\t<section class=\"elementor-section elementor-top-section elementor-element elementor-element-ec6477f elementor-section-boxed elementor-section-height-default elementor-section-height-default\" data-id=\"ec6477f\" data-element_type=\"section\">\n\t\t\t\t\t\t<div class=\"elementor-container elementor-column-gap-default\">\n\t\t\t\t\t<div class=\"elementor-column elementor-col-50 elementor-top-column elementor-element elementor-element-83b1998\" data-id=\"83b1998\" data-element_type=\"column\">\n\t\t\t<div class=\"elementor-widget-wrap elementor-element-populated\">\n\t\t\t\t\t\t<div class=\"elementor-element elementor-element-0d6b527 elementor-widget elementor-widget-video\" data-id=\"0d6b527\" data-element_type=\"widget\" data-settings=\"{&quot;youtube_url&quot;:&quot;https:\\\/\\\/www.youtube.com\\\/watch?v=2tn0oCH8m-s&quot;,&quot;autoplay&quot;:&quot;yes&quot;,&quot;mute&quot;:&quot;yes&quot;,&quot;loop&quot;:&quot;yes&quot;,&quot;video_type&quot;:&quot;youtube&quot;,&quot;controls&quot;:&quot;yes&quot;}\" data-widget_type=\"video.default\">\n\t\t\t\t<div class=\"elementor-widget-container\">\n\t\t\t\t\t\t\t<div class=\"elementor-wrapper elementor-open-inline\">\n\t\t\t<div class=\"elementor-video\"><\/div>\t\t<\/div>\n\t\t\t\t\t\t<\/div>\n\t\t\t\t<\/div>\n\t\t\t\t<div class=\"elementor-element elementor-element-e1bce2e elementor-widget elementor-widget-image\" data-id=\"e1bce2e\" data-element_type=\"widget\" data-widget_type=\"image.default\">\n\t\t\t\t<div class=\"elementor-widget-container\">\n\t\t\t\t\t\t\t\t\t\t\t\t\t\t\t<img fetchpriority=\"high\" decoding=\"async\" width=\"1024\" height=\"576\" src=\"http:\/\/www.ans.alsace\/entertainment\/wp-content\/uploads\/sites\/7\/2022\/07\/ecozonia-transsiberien-01-1024x576.jpg\" class=\"attachment-large size-large wp-image-277\" alt=\"Video mapping museographie ecozonia\" srcset=\"http:\/\/www.ans.alsace\/entertainment\/wp-content\/uploads\/sites\/7\/2022\/07\/ecozonia-transsiberien-01-1024x576.jpg 1024w, http:\/\/www.ans.alsace\/entertainment\/wp-content\/uploads\/sites\/7\/2022\/07\/ecozonia-transsiberien-01-300x169.jpg 300w, http:\/\/www.ans.alsace\/entertainment\/wp-content\/uploads\/sites\/7\/2022\/07\/ecozonia-transsiberien-01-768x432.jpg 768w, http:\/\/www.ans.alsace\/entertainment\/wp-content\/uploads\/sites\/7\/2022\/07\/ecozonia-transsiberien-01-1536x864.jpg 1536w, http:\/\/www.ans.alsace\/entertainment\/wp-content\/uploads\/sites\/7\/2022\/07\/ecozonia-transsiberien-01-800x450.jpg 800w, http:\/\/www.ans.alsace\/entertainment\/wp-content\/uploads\/sites\/7\/2022\/07\/ecozonia-transsiberien-01.jpg 1920w\" sizes=\"(max-width: 1024px) 100vw, 1024px\" \/>\t\t\t\t\t\t\t\t\t\t\t\t\t\t\t<\/div>\n\t\t\t\t<\/div>\n\t\t\t\t\t<\/div>\n\t\t<\/div>\n\t\t\t\t<div class=\"elementor-column elementor-col-50 elementor-top-column elementor-element elementor-element-96c4a15\" data-id=\"96c4a15\" data-element_type=\"column\">\n\t\t\t<div class=\"elementor-widget-wrap elementor-element-populated\">\n\t\t\t\t\t\t<div class=\"elementor-element elementor-element-a8d5663 elementor-widget elementor-widget-heading\" data-id=\"a8d5663\" data-element_type=\"widget\" data-widget_type=\"heading.default\">\n\t\t\t\t<div class=\"elementor-widget-container\">\n\t\t\t\t\t<h2 class=\"elementor-heading-title elementor-size-default\">Vid\u00e9o mapping mus\u00e9ographie, au parc Ecozonia : \nL'histoire de la construction de la ligne du c\u00e9l\u00e8bre Transsib\u00e9rien<\/h2>\t\t\t\t<\/div>\n\t\t\t\t<\/div>\n\t\t\t\t<div class=\"elementor-element elementor-element-60adfca elementor-widget elementor-widget-text-editor\" data-id=\"60adfca\" data-element_type=\"widget\" data-widget_type=\"text-editor.default\">\n\t\t\t\t<div class=\"elementor-widget-container\">\n\t\t\t\t\t\t\t\t\t<p>Notre \u00e9quipe s&rsquo;est vu confier la cr\u00e9ation d&rsquo;un vid\u00e9o mapping mus\u00e9ographie, dans un des nombreux eco-lodges du parc Ecozonia \u00e0 la Cases-De-P\u00e8ne, non loin de Perpignan.<br \/>Les occupants des lieux ont une vue directe sur l&rsquo;enclos des loups et ours brun. L&rsquo;ensemble du lodge \u00e0 \u00e9t\u00e9 con\u00e7u nous plonger dans l&rsquo;univers du transsib\u00e9rien.<br \/>L&rsquo;autre exclusivit\u00e9 du lodge, est le mapping sur maquette en relief, qui raconte l&rsquo;histoire de la construction de la ligne.<\/p>\t\t\t\t\t\t\t\t<\/div>\n\t\t\t\t<\/div>\n\t\t\t\t<div class=\"elementor-element elementor-element-ae74c1d elementor-widget elementor-widget-text-editor\" data-id=\"ae74c1d\" data-element_type=\"widget\" data-widget_type=\"text-editor.default\">\n\t\t\t\t<div class=\"elementor-widget-container\">\n\t\t\t\t\t\t\t\t\t<p>Notre \u00e9quipe \u00e0 mis en \u0153uvre de nombreuses techniques d&rsquo;animation. Avec notamment de la recolonisation d&rsquo;images ou gravures, et surtout l&rsquo;animation de personnages d&rsquo;\u00e9poque, ou d&rsquo;autres illustration initialement statiques.<\/p><p>Cot\u00e9 installation, la maquette est sign\u00e9e Pascal Josse. Il a r\u00e9alis\u00e9 cette portion de globe en relief avec de la r\u00e9sine. L&rsquo;avantage de ce mat\u00e9riau est sa solidit\u00e9 et sa facilit\u00e9 d\u2019entretien. Il n&rsquo;y \u00e0 donc rien \u00e0 craindre si les plus petits vienne poser leurs main dessus alors qu&rsquo;elles sont encore pleines de chocolat ;).<br \/>Cot\u00e9 projection l&rsquo;\u00e9quipe de TSE \u00e0 mis en place un vid\u00e9oprojecteur laser de 6500 lumens. Il \u00e0 l&rsquo;avantage d&rsquo;une dur\u00e9e de vie des lampes de plus de 30000 heures. Et ne n\u00e9cessite en entretient, qu&rsquo;un simple d\u00e9poussi\u00e9rage des filtres.<br \/>Le lancement de l&rsquo;animation se fait automatiquement lors de la pr\u00e9sence des visiteurs, \u00e0 l&rsquo;aide d&rsquo;une cellule de d\u00e9tection.<\/p>\t\t\t\t\t\t\t\t<\/div>\n\t\t\t\t<\/div>\n\t\t\t\t\t<\/div>\n\t\t<\/div>\n\t\t\t\t\t<\/div>\n\t\t<\/section>\n\t\t\t\t<section class=\"elementor-section elementor-top-section elementor-element elementor-element-80461e7 elementor-section-boxed elementor-section-height-default elementor-section-height-default\" data-id=\"80461e7\" data-element_type=\"section\">\n\t\t\t\t\t\t<div class=\"elementor-container elementor-column-gap-default\">\n\t\t\t\t\t<div class=\"elementor-column elementor-col-50 elementor-top-column elementor-element elementor-element-e6ee7b7\" data-id=\"e6ee7b7\" data-element_type=\"column\">\n\t\t\t<div class=\"elementor-widget-wrap elementor-element-populated\">\n\t\t\t\t\t\t<div class=\"elementor-element elementor-element-c471414 elementor-widget elementor-widget-text-editor\" data-id=\"c471414\" data-element_type=\"widget\" data-widget_type=\"text-editor.default\">\n\t\t\t\t<div class=\"elementor-widget-container\">\n\t\t\t\t\t\t\t\t\t<p>Cr\u00e9ation vid\u00e9o : Julien Elbisser &#8211; <a href=\"http:\/\/www.ans.alsace\">Al<\/a><a target=\"_blank\">canautha Studio<\/a><br \/>Mise en sc\u00e8ne : Pascal Josse &#8211; Atelier <a href=\"http:\/\/www.atelier-adess.fr\/\" target=\"_blank\" rel=\"noopener\">ADESS<\/a><a href=\"https:\/\/tse-live.com\/\" target=\"_blank\" rel=\"noopener\"><br \/><\/a>Technique : Joann\u00e8s Poete &#8211; <a href=\"https:\/\/tse-live.com\/\" target=\"_blank\" rel=\"noopener\">TSE<\/a><\/p><p><a href=\"https:\/\/www.ecozonia.fr\/hebergements-insolites\/russie-sauvage\/dormir-ours-loups\" target=\"_blank\" rel=\"noopener\">ECOZONIA &#8211; Dormir avec les ours et les loups<\/a><\/p>\t\t\t\t\t\t\t\t<\/div>\n\t\t\t\t<\/div>\n\t\t\t\t<div class=\"elementor-element elementor-element-e641c62 elementor-widget elementor-widget-image\" data-id=\"e641c62\" data-element_type=\"widget\" data-widget_type=\"image.default\">\n\t\t\t\t<div class=\"elementor-widget-container\">\n\t\t\t\t\t\t\t\t\t\t\t\t\t\t\t<img decoding=\"async\" width=\"395\" height=\"128\" src=\"http:\/\/www.ans.alsace\/entertainment\/wp-content\/uploads\/sites\/7\/2022\/07\/ecozonia.jpg\" class=\"attachment-large size-large wp-image-263\" alt=\"\" srcset=\"http:\/\/www.ans.alsace\/entertainment\/wp-content\/uploads\/sites\/7\/2022\/07\/ecozonia.jpg 395w, http:\/\/www.ans.alsace\/entertainment\/wp-content\/uploads\/sites\/7\/2022\/07\/ecozonia-300x97.jpg 300w\" sizes=\"(max-width: 395px) 100vw, 395px\" \/>\t\t\t\t\t\t\t\t\t\t\t\t\t\t\t<\/div>\n\t\t\t\t<\/div>\n\t\t\t\t\t<\/div>\n\t\t<\/div>\n\t\t\t\t<div class=\"elementor-column elementor-col-50 elementor-top-column elementor-element elementor-element-f92484c\" data-id=\"f92484c\" data-element_type=\"column\">\n\t\t\t<div class=\"elementor-widget-wrap elementor-element-populated\">\n\t\t\t\t\t\t<div class=\"elementor-element elementor-element-e6bbf25 elementor-arrows-position-inside elementor-pagination-position-outside elementor-widget elementor-widget-image-carousel\" data-id=\"e6bbf25\" data-element_type=\"widget\" data-settings=\"{&quot;navigation&quot;:&quot;both&quot;,&quot;autoplay&quot;:&quot;yes&quot;,&quot;pause_on_hover&quot;:&quot;yes&quot;,&quot;pause_on_interaction&quot;:&quot;yes&quot;,&quot;autoplay_speed&quot;:5000,&quot;infinite&quot;:&quot;yes&quot;,&quot;speed&quot;:500}\" data-widget_type=\"image-carousel.default\">\n\t\t\t\t<div class=\"elementor-widget-container\">\n\t\t\t\t\t\t\t<div class=\"elementor-image-carousel-wrapper swiper\" role=\"region\" aria-roledescription=\"carousel\" aria-label=\"Carrousel d\u2019images\" dir=\"ltr\">\n\t\t\t<div class=\"elementor-image-carousel swiper-wrapper\" aria-live=\"off\">\n\t\t\t\t\t\t\t\t<div class=\"swiper-slide\" role=\"group\" aria-roledescription=\"slide\" aria-label=\"1 sur 7\"><figure class=\"swiper-slide-inner\"><img decoding=\"async\" class=\"swiper-slide-image\" src=\"http:\/\/www.ans.alsace\/entertainment\/wp-content\/uploads\/sites\/7\/2022\/07\/gallery_92_img-9863-print_1627569029_large_-150x150.jpg\" alt=\"gallery_92_img-9863-print_1627569029_large_\" \/><\/figure><\/div><div class=\"swiper-slide\" role=\"group\" aria-roledescription=\"slide\" aria-label=\"2 sur 7\"><figure class=\"swiper-slide-inner\"><img decoding=\"async\" class=\"swiper-slide-image\" src=\"http:\/\/www.ans.alsace\/entertainment\/wp-content\/uploads\/sites\/7\/2022\/07\/gallery_92_img-1135-print_1627568986_large_-150x150.jpg\" alt=\"gallery_92_img-1135-print_1627568986_large_\" \/><\/figure><\/div><div class=\"swiper-slide\" role=\"group\" aria-roledescription=\"slide\" aria-label=\"3 sur 7\"><figure class=\"swiper-slide-inner\"><img decoding=\"async\" class=\"swiper-slide-image\" src=\"http:\/\/www.ans.alsace\/entertainment\/wp-content\/uploads\/sites\/7\/2022\/07\/present_239_1596699999-150x150.jpg\" alt=\"present_239_1596699999\" \/><\/figure><\/div><div class=\"swiper-slide\" role=\"group\" aria-roledescription=\"slide\" aria-label=\"4 sur 7\"><figure class=\"swiper-slide-inner\"><img decoding=\"async\" class=\"swiper-slide-image\" src=\"http:\/\/www.ans.alsace\/entertainment\/wp-content\/uploads\/sites\/7\/2022\/07\/gallery_92_img-1197-print_1627569008_large_-150x150.jpg\" alt=\"gallery_92_img-1197-print_1627569008_large_\" \/><\/figure><\/div><div class=\"swiper-slide\" role=\"group\" aria-roledescription=\"slide\" aria-label=\"5 sur 7\"><figure class=\"swiper-slide-inner\"><img decoding=\"async\" class=\"swiper-slide-image\" src=\"http:\/\/www.ans.alsace\/entertainment\/wp-content\/uploads\/sites\/7\/2022\/07\/present_245_1596783983-150x150.jpg\" alt=\"present_245_1596783983\" \/><\/figure><\/div><div class=\"swiper-slide\" role=\"group\" aria-roledescription=\"slide\" aria-label=\"6 sur 7\"><figure class=\"swiper-slide-inner\"><img decoding=\"async\" class=\"swiper-slide-image\" src=\"http:\/\/www.ans.alsace\/entertainment\/wp-content\/uploads\/sites\/7\/2022\/07\/gallery_92_img-1200-print_1627569013_large_-150x150.jpg\" alt=\"gallery_92_img-1200-print_1627569013_large_\" \/><\/figure><\/div><div class=\"swiper-slide\" role=\"group\" aria-roledescription=\"slide\" aria-label=\"7 sur 7\"><figure class=\"swiper-slide-inner\"><img decoding=\"async\" class=\"swiper-slide-image\" src=\"http:\/\/www.ans.alsace\/entertainment\/wp-content\/uploads\/sites\/7\/2022\/07\/gallery_92_img-9878-print_1627568970_large_-150x150.jpg\" alt=\"gallery_92_img-9878-print_1627568970_large_\" \/><\/figure><\/div>\t\t\t<\/div>\n\t\t\t\t\t\t\t\t\t\t\t\t<div class=\"elementor-swiper-button elementor-swiper-button-prev\" role=\"button\" tabindex=\"0\">\n\t\t\t\t\t\t<i aria-hidden=\"true\" class=\"eicon-chevron-left\"><\/i>\t\t\t\t\t<\/div>\n\t\t\t\t\t<div class=\"elementor-swiper-button elementor-swiper-button-next\" role=\"button\" tabindex=\"0\">\n\t\t\t\t\t\t<i aria-hidden=\"true\" class=\"eicon-chevron-right\"><\/i>\t\t\t\t\t<\/div>\n\t\t\t\t\n\t\t\t\t\t\t\t\t\t<div class=\"swiper-pagination\"><\/div>\n\t\t\t\t\t\t\t\t\t<\/div>\n\t\t\t\t\t\t<\/div>\n\t\t\t\t<\/div>\n\t\t\t\t\t<\/div>\n\t\t<\/div>\n\t\t\t\t\t<\/div>\n\t\t<\/section>\n\t\t\t\t<section class=\"elementor-section elementor-top-section elementor-element elementor-element-545b0f9 elementor-section-boxed elementor-section-height-default elementor-section-height-default\" data-id=\"545b0f9\" data-element_type=\"section\">\n\t\t\t\t\t\t<div class=\"elementor-container elementor-column-gap-default\">\n\t\t\t\t\t<div class=\"elementor-column elementor-col-33 elementor-top-column elementor-element elementor-element-f81e327\" data-id=\"f81e327\" data-element_type=\"column\">\n\t\t\t<div class=\"elementor-widget-wrap elementor-element-populated\">\n\t\t\t\t\t\t<div class=\"elementor-element elementor-element-13bcd8e elementor-widget elementor-widget-video\" data-id=\"13bcd8e\" data-element_type=\"widget\" data-settings=\"{&quot;youtube_url&quot;:&quot;https:\\\/\\\/youtu.be\\\/-_TnMUr9rZk&quot;,&quot;autoplay&quot;:&quot;yes&quot;,&quot;mute&quot;:&quot;yes&quot;,&quot;loop&quot;:&quot;yes&quot;,&quot;video_type&quot;:&quot;youtube&quot;,&quot;controls&quot;:&quot;yes&quot;}\" data-widget_type=\"video.default\">\n\t\t\t\t<div class=\"elementor-widget-container\">\n\t\t\t\t\t\t\t<div class=\"elementor-wrapper elementor-open-inline\">\n\t\t\t<div class=\"elementor-video\"><\/div>\t\t<\/div>\n\t\t\t\t\t\t<\/div>\n\t\t\t\t<\/div>\n\t\t\t\t\t<\/div>\n\t\t<\/div>\n\t\t\t\t<div class=\"elementor-column elementor-col-33 elementor-top-column elementor-element elementor-element-6cce4a6\" data-id=\"6cce4a6\" data-element_type=\"column\">\n\t\t\t<div class=\"elementor-widget-wrap elementor-element-populated\">\n\t\t\t\t\t\t<div class=\"elementor-element elementor-element-a438020 elementor-widget elementor-widget-video\" data-id=\"a438020\" data-element_type=\"widget\" data-settings=\"{&quot;youtube_url&quot;:&quot;https:\\\/\\\/youtu.be\\\/NBNzxyrzog4&quot;,&quot;autoplay&quot;:&quot;yes&quot;,&quot;mute&quot;:&quot;yes&quot;,&quot;loop&quot;:&quot;yes&quot;,&quot;video_type&quot;:&quot;youtube&quot;,&quot;controls&quot;:&quot;yes&quot;}\" data-widget_type=\"video.default\">\n\t\t\t\t<div class=\"elementor-widget-container\">\n\t\t\t\t\t\t\t<div class=\"elementor-wrapper elementor-open-inline\">\n\t\t\t<div class=\"elementor-video\"><\/div>\t\t<\/div>\n\t\t\t\t\t\t<\/div>\n\t\t\t\t<\/div>\n\t\t\t\t\t<\/div>\n\t\t<\/div>\n\t\t\t\t<div class=\"elementor-column elementor-col-33 elementor-top-column elementor-element elementor-element-b2b0dde\" data-id=\"b2b0dde\" data-element_type=\"column\">\n\t\t\t<div class=\"elementor-widget-wrap elementor-element-populated\">\n\t\t\t\t\t\t<div class=\"elementor-element elementor-element-7903c32 elementor-widget elementor-widget-video\" data-id=\"7903c32\" data-element_type=\"widget\" data-settings=\"{&quot;youtube_url&quot;:&quot;https:\\\/\\\/www.youtube.com\\\/watch?v=acX3uEp4TiU&quot;,&quot;autoplay&quot;:&quot;yes&quot;,&quot;mute&quot;:&quot;yes&quot;,&quot;loop&quot;:&quot;yes&quot;,&quot;video_type&quot;:&quot;youtube&quot;,&quot;controls&quot;:&quot;yes&quot;}\" data-widget_type=\"video.default\">\n\t\t\t\t<div class=\"elementor-widget-container\">\n\t\t\t\t\t\t\t<div class=\"elementor-wrapper elementor-open-inline\">\n\t\t\t<div class=\"elementor-video\"><\/div>\t\t<\/div>\n\t\t\t\t\t\t<\/div>\n\t\t\t\t<\/div>\n\t\t\t\t\t<\/div>\n\t\t<\/div>\n\t\t\t\t\t<\/div>\n\t\t<\/section>\n\t\t\t\t<\/div>\n\t\t","protected":false},"excerpt":{"rendered":"<p>Vid\u00e9o mapping mus\u00e9ographie, au parc Ecozonia : L&rsquo;histoire de la construction de la ligne du c\u00e9l\u00e8bre Transsib\u00e9rien Notre \u00e9quipe s&rsquo;est vu confier la cr\u00e9ation d&rsquo;un vid\u00e9o mapping mus\u00e9ographie, dans un des nombreux eco-lodges du parc Ecozonia \u00e0 la Cases-De-P\u00e8ne, non loin de Perpignan.Les occupants des lieux ont une vue directe sur l&rsquo;enclos des loups et [&hellip;]<\/p>\n","protected":false},"author":1,"featured_media":0,"parent":0,"menu_order":0,"comment_status":"closed","ping_status":"closed","template":"elementor_header_footer","meta":{"footnotes":""},"class_list":["post-259","page","type-page","status-publish","hentry","entry"],"_links":{"self":[{"href":"http:\/\/www.ans.alsace\/entertainment\/wp-json\/wp\/v2\/pages\/259"}],"collection":[{"href":"http:\/\/www.ans.alsace\/entertainment\/wp-json\/wp\/v2\/pages"}],"about":[{"href":"http:\/\/www.ans.alsace\/entertainment\/wp-json\/wp\/v2\/types\/page"}],"author":[{"embeddable":true,"href":"http:\/\/www.ans.alsace\/entertainment\/wp-json\/wp\/v2\/users\/1"}],"replies":[{"embeddable":true,"href":"http:\/\/www.ans.alsace\/entertainment\/wp-json\/wp\/v2\/comments?post=259"}],"version-history":[{"count":41,"href":"http:\/\/www.ans.alsace\/entertainment\/wp-json\/wp\/v2\/pages\/259\/revisions"}],"predecessor-version":[{"id":328,"href":"http:\/\/www.ans.alsace\/entertainment\/wp-json\/wp\/v2\/pages\/259\/revisions\/328"}],"wp:attachment":[{"href":"http:\/\/www.ans.alsace\/entertainment\/wp-json\/wp\/v2\/media?parent=259"}],"curies":[{"name":"wp","href":"https:\/\/api.w.org\/{rel}","templated":true}]}}