{"id":86,"date":"2022-06-28T23:01:55","date_gmt":"2022-06-28T21:01:55","guid":{"rendered":"http:\/\/www.ans.alsace\/entertainment\/?page_id=86"},"modified":"2022-07-20T12:15:17","modified_gmt":"2022-07-20T10:15:17","slug":"contenus-multimedias-pour-les-musees","status":"publish","type":"page","link":"http:\/\/www.ans.alsace\/entertainment\/contenus-multimedias-pour-les-musees\/","title":{"rendered":"Contenus multim\u00e9dias pour les mus\u00e9es"},"content":{"rendered":"\t\t<div data-elementor-type=\"wp-page\" data-elementor-id=\"86\" class=\"elementor elementor-86\">\n\t\t\t\t\t\t<section class=\"elementor-section elementor-top-section elementor-element elementor-element-4f1e9d6 elementor-section-boxed elementor-section-height-default elementor-section-height-default\" data-id=\"4f1e9d6\" data-element_type=\"section\">\n\t\t\t\t\t\t<div class=\"elementor-container elementor-column-gap-default\">\n\t\t\t\t\t<div class=\"elementor-column elementor-col-100 elementor-top-column elementor-element elementor-element-de9eb72\" data-id=\"de9eb72\" data-element_type=\"column\">\n\t\t\t<div class=\"elementor-widget-wrap elementor-element-populated\">\n\t\t\t\t\t\t<div class=\"elementor-element elementor-element-5d7fe81 elementor-widget elementor-widget-heading\" data-id=\"5d7fe81\" data-element_type=\"widget\" data-widget_type=\"heading.default\">\n\t\t\t\t<div class=\"elementor-widget-container\">\n\t\t\t\t\t<h2 class=\"elementor-heading-title elementor-size-default\">Une solution compl\u00e8te pour la mus\u00e9ographie et la cr\u00e9ation de contenus multim\u00e9dia<\/h2>\t\t\t\t<\/div>\n\t\t\t\t<\/div>\n\t\t\t\t\t<\/div>\n\t\t<\/div>\n\t\t\t\t\t<\/div>\n\t\t<\/section>\n\t\t\t\t<section class=\"elementor-section elementor-top-section elementor-element elementor-element-92f9bc5 elementor-section-boxed elementor-section-height-default elementor-section-height-default\" data-id=\"92f9bc5\" data-element_type=\"section\">\n\t\t\t\t\t\t<div class=\"elementor-container elementor-column-gap-default\">\n\t\t\t\t\t<div class=\"elementor-column elementor-col-100 elementor-top-column elementor-element elementor-element-b75dc0a\" data-id=\"b75dc0a\" data-element_type=\"column\">\n\t\t\t<div class=\"elementor-widget-wrap elementor-element-populated\">\n\t\t\t\t\t\t<div class=\"elementor-element elementor-element-3701116 elementor-widget elementor-widget-text-editor\" data-id=\"3701116\" data-element_type=\"widget\" data-widget_type=\"text-editor.default\">\n\t\t\t\t<div class=\"elementor-widget-container\">\n\t\t\t\t\t\t\t\t\t<p>Depuis de nombreuses ann\u00e9es, notre \u00e9quipe et ses partenaires \u0153uvrent dans le domaine de la mus\u00e9ographie. <br \/>Notre sp\u00e9cialit\u00e9 est la cr\u00e9ation de contenus multim\u00e9dias innovants, comme le vid\u00e9o mapping 3D, les \u00e9crans vitrine transparents, ou encore les animation vid\u00e9o p\u00e9dagogique.<br \/>Nous utilisons les techniques de vid\u00e9o mapping 3D sur diff\u00e9rents types de <b>supports neufs ou existants<\/b>. <br \/>Pour l\u2019existant il est question de projection sur une fa\u00e7ade ou l\u2019int\u00e9rieur de b\u00e2timent dans le cadre d\u2019un spectacle ou exposition temporaire. <br \/>C\u2019est aussi un excellent moyen de <b>moderniser des \u00e9l\u00e9ments d\u00e9j\u00e0 pr\u00e9sents,<\/b> <b>bustes ou maquettes en relief<\/b> comme celle du mus\u00e9e Vauban de Neuf-Brisach par exemple.<br \/>Sur du neuf le champ des possible est tr\u00e8s vaste et nous collaborons \u00e9troitement avec des sc\u00e9nographes,\u00a0 sculpteur plasticien comme Pascal Josse de l&rsquo;<a href=\"http:\/\/www.atelier-adess.fr\/\" target=\"_blank\" rel=\"noopener\">atelier ADESS<\/a>, et bien sur prestataires technique comme <a href=\"https:\/\/tse-live.com\/\" target=\"_blank\" rel=\"noopener\">TSE<\/a>.<\/p>\t\t\t\t\t\t\t\t<\/div>\n\t\t\t\t<\/div>\n\t\t\t\t\t<\/div>\n\t\t<\/div>\n\t\t\t\t\t<\/div>\n\t\t<\/section>\n\t\t\t\t<section class=\"elementor-section elementor-top-section elementor-element elementor-element-ed5e631 elementor-section-boxed elementor-section-height-default elementor-section-height-default\" data-id=\"ed5e631\" data-element_type=\"section\">\n\t\t\t\t\t\t<div class=\"elementor-container elementor-column-gap-default\">\n\t\t\t\t\t<div class=\"elementor-column elementor-col-100 elementor-top-column elementor-element elementor-element-abef9fd\" data-id=\"abef9fd\" data-element_type=\"column\">\n\t\t\t<div class=\"elementor-widget-wrap elementor-element-populated\">\n\t\t\t\t\t\t<div class=\"elementor-element elementor-element-875548c elementor-arrows-position-inside elementor-pagination-position-outside elementor-widget elementor-widget-image-carousel\" data-id=\"875548c\" data-element_type=\"widget\" data-settings=\"{&quot;slides_to_show&quot;:&quot;5&quot;,&quot;navigation&quot;:&quot;both&quot;,&quot;autoplay&quot;:&quot;yes&quot;,&quot;pause_on_hover&quot;:&quot;yes&quot;,&quot;pause_on_interaction&quot;:&quot;yes&quot;,&quot;autoplay_speed&quot;:5000,&quot;infinite&quot;:&quot;yes&quot;,&quot;speed&quot;:500}\" data-widget_type=\"image-carousel.default\">\n\t\t\t\t<div class=\"elementor-widget-container\">\n\t\t\t\t\t\t\t<div class=\"elementor-image-carousel-wrapper swiper\" role=\"region\" aria-roledescription=\"carousel\" aria-label=\"Carrousel d\u2019images\" dir=\"ltr\">\n\t\t\t<div class=\"elementor-image-carousel swiper-wrapper\" aria-live=\"off\">\n\t\t\t\t\t\t\t\t<div class=\"swiper-slide\" role=\"group\" aria-roledescription=\"slide\" aria-label=\"1 sur 8\"><figure class=\"swiper-slide-inner\"><img decoding=\"async\" class=\"swiper-slide-image\" src=\"http:\/\/www.ans.alsace\/entertainment\/wp-content\/uploads\/sites\/7\/2022\/06\/creation-animation-video-pedagogique-03-150x150.jpg\" alt=\"installation multimedia trompe l&#039;oeil vid\u00e9o en museographie\" \/><\/figure><\/div><div class=\"swiper-slide\" role=\"group\" aria-roledescription=\"slide\" aria-label=\"2 sur 8\"><figure class=\"swiper-slide-inner\"><img decoding=\"async\" class=\"swiper-slide-image\" src=\"http:\/\/www.ans.alsace\/entertainment\/wp-content\/uploads\/sites\/7\/2022\/06\/creation-mapping-museographie-vauban-alsace-03-150x150.jpg\" alt=\"cr\u00e9ation multimedia mus\u00e9ographie mapping mus\u00e9e vauban neuf-brisach\" \/><\/figure><\/div><div class=\"swiper-slide\" role=\"group\" aria-roledescription=\"slide\" aria-label=\"3 sur 8\"><figure class=\"swiper-slide-inner\"><img decoding=\"async\" class=\"swiper-slide-image\" src=\"http:\/\/www.ans.alsace\/entertainment\/wp-content\/uploads\/sites\/7\/2022\/06\/creation-animation-video-pedagogique-05-150x150.jpg\" alt=\"cr\u00e9ation multimedia museographie video pedagogique\" \/><\/figure><\/div><div class=\"swiper-slide\" role=\"group\" aria-roledescription=\"slide\" aria-label=\"4 sur 8\"><figure class=\"swiper-slide-inner\"><img decoding=\"async\" class=\"swiper-slide-image\" src=\"http:\/\/www.ans.alsace\/entertainment\/wp-content\/uploads\/sites\/7\/2022\/06\/creation-animation-video-pedagogique-01-150x150.jpg\" alt=\"installation multimedia trompe l&#039;oeil vid\u00e9o en museographie\" \/><\/figure><\/div><div class=\"swiper-slide\" role=\"group\" aria-roledescription=\"slide\" aria-label=\"5 sur 8\"><figure class=\"swiper-slide-inner\"><img decoding=\"async\" class=\"swiper-slide-image\" src=\"http:\/\/www.ans.alsace\/entertainment\/wp-content\/uploads\/sites\/7\/2022\/06\/creation-mapping-museographie-vauban-alsace-01-150x150.jpg\" alt=\"cr\u00e9ation multimedia mus\u00e9ographie mapping mus\u00e9e vauban neuf-brisach\" \/><\/figure><\/div><div class=\"swiper-slide\" role=\"group\" aria-roledescription=\"slide\" aria-label=\"6 sur 8\"><figure class=\"swiper-slide-inner\"><img decoding=\"async\" class=\"swiper-slide-image\" src=\"http:\/\/www.ans.alsace\/entertainment\/wp-content\/uploads\/sites\/7\/2022\/06\/creation-animation-video-pedagogique-04-150x150.jpg\" alt=\"installation multimedia mapping museographie\" \/><\/figure><\/div><div class=\"swiper-slide\" role=\"group\" aria-roledescription=\"slide\" aria-label=\"7 sur 8\"><figure class=\"swiper-slide-inner\"><img decoding=\"async\" class=\"swiper-slide-image\" src=\"http:\/\/www.ans.alsace\/entertainment\/wp-content\/uploads\/sites\/7\/2022\/06\/creation-animation-video-pedagogique-02-150x150.jpg\" alt=\"installation multimedia trompe l&#039;oeil vid\u00e9o en museographie\" \/><\/figure><\/div><div class=\"swiper-slide\" role=\"group\" aria-roledescription=\"slide\" aria-label=\"8 sur 8\"><figure class=\"swiper-slide-inner\"><img decoding=\"async\" class=\"swiper-slide-image\" src=\"http:\/\/www.ans.alsace\/entertainment\/wp-content\/uploads\/sites\/7\/2022\/06\/creation-mapping-museographie-vauban-alsace-02-150x150.jpg\" alt=\"cr\u00e9ation multimedia mus\u00e9ographie mapping mus\u00e9e vauban neuf-brisach\" \/><\/figure><\/div>\t\t\t<\/div>\n\t\t\t\t\t\t\t\t\t\t\t\t<div class=\"elementor-swiper-button elementor-swiper-button-prev\" role=\"button\" tabindex=\"0\">\n\t\t\t\t\t\t<i aria-hidden=\"true\" class=\"eicon-chevron-left\"><\/i>\t\t\t\t\t<\/div>\n\t\t\t\t\t<div class=\"elementor-swiper-button elementor-swiper-button-next\" role=\"button\" tabindex=\"0\">\n\t\t\t\t\t\t<i aria-hidden=\"true\" class=\"eicon-chevron-right\"><\/i>\t\t\t\t\t<\/div>\n\t\t\t\t\n\t\t\t\t\t\t\t\t\t<div class=\"swiper-pagination\"><\/div>\n\t\t\t\t\t\t\t\t\t<\/div>\n\t\t\t\t\t\t<\/div>\n\t\t\t\t<\/div>\n\t\t\t\t\t<\/div>\n\t\t<\/div>\n\t\t\t\t\t<\/div>\n\t\t<\/section>\n\t\t\t\t<section class=\"elementor-section elementor-top-section elementor-element elementor-element-f6eb78b elementor-section-boxed elementor-section-height-default elementor-section-height-default\" data-id=\"f6eb78b\" data-element_type=\"section\">\n\t\t\t\t\t\t<div class=\"elementor-container elementor-column-gap-default\">\n\t\t\t\t\t<div class=\"elementor-column elementor-col-100 elementor-top-column elementor-element elementor-element-604facf\" data-id=\"604facf\" data-element_type=\"column\">\n\t\t\t<div class=\"elementor-widget-wrap elementor-element-populated\">\n\t\t\t\t\t\t<div class=\"elementor-element elementor-element-49b6d0d elementor-widget elementor-widget-video\" data-id=\"49b6d0d\" data-element_type=\"widget\" data-settings=\"{&quot;youtube_url&quot;:&quot;https:\\\/\\\/www.youtube.com\\\/watch?v=gH-T9AB1ocQ&amp;t=2s&quot;,&quot;autoplay&quot;:&quot;yes&quot;,&quot;mute&quot;:&quot;yes&quot;,&quot;loop&quot;:&quot;yes&quot;,&quot;video_type&quot;:&quot;youtube&quot;,&quot;controls&quot;:&quot;yes&quot;}\" data-widget_type=\"video.default\">\n\t\t\t\t<div class=\"elementor-widget-container\">\n\t\t\t\t\t\t\t<div class=\"elementor-wrapper elementor-open-inline\">\n\t\t\t<div class=\"elementor-video\"><\/div>\t\t<\/div>\n\t\t\t\t\t\t<\/div>\n\t\t\t\t<\/div>\n\t\t\t\t\t<\/div>\n\t\t<\/div>\n\t\t\t\t\t<\/div>\n\t\t<\/section>\n\t\t\t\t<section class=\"elementor-section elementor-top-section elementor-element elementor-element-3498d86 elementor-section-boxed elementor-section-height-default elementor-section-height-default\" data-id=\"3498d86\" data-element_type=\"section\">\n\t\t\t\t\t\t<div class=\"elementor-container elementor-column-gap-default\">\n\t\t\t\t\t<div class=\"elementor-column elementor-col-100 elementor-top-column elementor-element elementor-element-fa1924b\" data-id=\"fa1924b\" data-element_type=\"column\">\n\t\t\t<div class=\"elementor-widget-wrap elementor-element-populated\">\n\t\t\t\t\t\t<div class=\"elementor-element elementor-element-752a007 elementor-widget elementor-widget-video\" data-id=\"752a007\" data-element_type=\"widget\" data-settings=\"{&quot;youtube_url&quot;:&quot;https:\\\/\\\/www.youtube.com\\\/watch?v=N6vS75fDVx4&quot;,&quot;autoplay&quot;:&quot;yes&quot;,&quot;mute&quot;:&quot;yes&quot;,&quot;loop&quot;:&quot;yes&quot;,&quot;video_type&quot;:&quot;youtube&quot;,&quot;controls&quot;:&quot;yes&quot;}\" data-widget_type=\"video.default\">\n\t\t\t\t<div class=\"elementor-widget-container\">\n\t\t\t\t\t\t\t<div class=\"elementor-wrapper elementor-open-inline\">\n\t\t\t<div class=\"elementor-video\"><\/div>\t\t<\/div>\n\t\t\t\t\t\t<\/div>\n\t\t\t\t<\/div>\n\t\t\t\t\t<\/div>\n\t\t<\/div>\n\t\t\t\t\t<\/div>\n\t\t<\/section>\n\t\t\t\t<section class=\"elementor-section elementor-top-section elementor-element elementor-element-6e3f2f5 elementor-section-boxed elementor-section-height-default elementor-section-height-default\" data-id=\"6e3f2f5\" data-element_type=\"section\">\n\t\t\t\t\t\t<div class=\"elementor-container elementor-column-gap-default\">\n\t\t\t\t\t<div class=\"elementor-column elementor-col-100 elementor-top-column elementor-element elementor-element-92fe430\" data-id=\"92fe430\" data-element_type=\"column\">\n\t\t\t<div class=\"elementor-widget-wrap elementor-element-populated\">\n\t\t\t\t\t\t<div class=\"elementor-element elementor-element-d5192b4 elementor-widget elementor-widget-video\" data-id=\"d5192b4\" data-element_type=\"widget\" data-settings=\"{&quot;youtube_url&quot;:&quot;https:\\\/\\\/youtu.be\\\/jAoDSwFZlwM&quot;,&quot;autoplay&quot;:&quot;yes&quot;,&quot;play_on_mobile&quot;:&quot;yes&quot;,&quot;mute&quot;:&quot;yes&quot;,&quot;loop&quot;:&quot;yes&quot;,&quot;video_type&quot;:&quot;youtube&quot;,&quot;controls&quot;:&quot;yes&quot;}\" data-widget_type=\"video.default\">\n\t\t\t\t<div class=\"elementor-widget-container\">\n\t\t\t\t\t\t\t<div class=\"elementor-wrapper elementor-open-inline\">\n\t\t\t<div class=\"elementor-video\"><\/div>\t\t<\/div>\n\t\t\t\t\t\t<\/div>\n\t\t\t\t<\/div>\n\t\t\t\t\t<\/div>\n\t\t<\/div>\n\t\t\t\t\t<\/div>\n\t\t<\/section>\n\t\t\t\t<section class=\"elementor-section elementor-top-section elementor-element elementor-element-ce2fdf5 elementor-section-boxed elementor-section-height-default elementor-section-height-default\" data-id=\"ce2fdf5\" data-element_type=\"section\">\n\t\t\t\t\t\t<div class=\"elementor-container elementor-column-gap-default\">\n\t\t\t\t\t<div class=\"elementor-column elementor-col-100 elementor-top-column elementor-element elementor-element-1074faf\" data-id=\"1074faf\" data-element_type=\"column\">\n\t\t\t<div class=\"elementor-widget-wrap elementor-element-populated\">\n\t\t\t\t\t\t<div class=\"elementor-element elementor-element-5731107 elementor-widget elementor-widget-video\" data-id=\"5731107\" data-element_type=\"widget\" data-settings=\"{&quot;youtube_url&quot;:&quot;https:\\\/\\\/youtu.be\\\/2tn0oCH8m-s&quot;,&quot;autoplay&quot;:&quot;yes&quot;,&quot;mute&quot;:&quot;yes&quot;,&quot;loop&quot;:&quot;yes&quot;,&quot;video_type&quot;:&quot;youtube&quot;,&quot;controls&quot;:&quot;yes&quot;}\" data-widget_type=\"video.default\">\n\t\t\t\t<div class=\"elementor-widget-container\">\n\t\t\t\t\t\t\t<div class=\"elementor-wrapper elementor-open-inline\">\n\t\t\t<div class=\"elementor-video\"><\/div>\t\t<\/div>\n\t\t\t\t\t\t<\/div>\n\t\t\t\t<\/div>\n\t\t\t\t\t<\/div>\n\t\t<\/div>\n\t\t\t\t\t<\/div>\n\t\t<\/section>\n\t\t\t\t<section class=\"elementor-section elementor-top-section elementor-element elementor-element-6315cf9 elementor-section-boxed elementor-section-height-default elementor-section-height-default\" data-id=\"6315cf9\" data-element_type=\"section\">\n\t\t\t\t\t\t<div class=\"elementor-container elementor-column-gap-default\">\n\t\t\t\t\t<div class=\"elementor-column elementor-col-100 elementor-top-column elementor-element elementor-element-543a9af\" data-id=\"543a9af\" data-element_type=\"column\">\n\t\t\t<div class=\"elementor-widget-wrap elementor-element-populated\">\n\t\t\t\t\t\t<div class=\"elementor-element elementor-element-c331c00 elementor-widget elementor-widget-video\" data-id=\"c331c00\" data-element_type=\"widget\" data-settings=\"{&quot;youtube_url&quot;:&quot;https:\\\/\\\/youtu.be\\\/_TB3xTvnMhU&quot;,&quot;autoplay&quot;:&quot;yes&quot;,&quot;mute&quot;:&quot;yes&quot;,&quot;loop&quot;:&quot;yes&quot;,&quot;video_type&quot;:&quot;youtube&quot;,&quot;controls&quot;:&quot;yes&quot;}\" data-widget_type=\"video.default\">\n\t\t\t\t<div class=\"elementor-widget-container\">\n\t\t\t\t\t\t\t<div class=\"elementor-wrapper elementor-open-inline\">\n\t\t\t<div class=\"elementor-video\"><\/div>\t\t<\/div>\n\t\t\t\t\t\t<\/div>\n\t\t\t\t<\/div>\n\t\t\t\t\t<\/div>\n\t\t<\/div>\n\t\t\t\t\t<\/div>\n\t\t<\/section>\n\t\t\t\t<\/div>\n\t\t","protected":false},"excerpt":{"rendered":"<p>Une solution compl\u00e8te pour la mus\u00e9ographie et la cr\u00e9ation de contenus multim\u00e9dia Depuis de nombreuses ann\u00e9es, notre \u00e9quipe et ses partenaires \u0153uvrent dans le domaine de la mus\u00e9ographie. Notre sp\u00e9cialit\u00e9 est la cr\u00e9ation de contenus multim\u00e9dias innovants, comme le vid\u00e9o mapping 3D, les \u00e9crans vitrine transparents, ou encore les animation vid\u00e9o p\u00e9dagogique.Nous utilisons les techniques [&hellip;]<\/p>\n","protected":false},"author":1,"featured_media":0,"parent":0,"menu_order":0,"comment_status":"closed","ping_status":"closed","template":"","meta":{"footnotes":""},"class_list":["post-86","page","type-page","status-publish","hentry","entry"],"_links":{"self":[{"href":"http:\/\/www.ans.alsace\/entertainment\/wp-json\/wp\/v2\/pages\/86"}],"collection":[{"href":"http:\/\/www.ans.alsace\/entertainment\/wp-json\/wp\/v2\/pages"}],"about":[{"href":"http:\/\/www.ans.alsace\/entertainment\/wp-json\/wp\/v2\/types\/page"}],"author":[{"embeddable":true,"href":"http:\/\/www.ans.alsace\/entertainment\/wp-json\/wp\/v2\/users\/1"}],"replies":[{"embeddable":true,"href":"http:\/\/www.ans.alsace\/entertainment\/wp-json\/wp\/v2\/comments?post=86"}],"version-history":[{"count":44,"href":"http:\/\/www.ans.alsace\/entertainment\/wp-json\/wp\/v2\/pages\/86\/revisions"}],"predecessor-version":[{"id":315,"href":"http:\/\/www.ans.alsace\/entertainment\/wp-json\/wp\/v2\/pages\/86\/revisions\/315"}],"wp:attachment":[{"href":"http:\/\/www.ans.alsace\/entertainment\/wp-json\/wp\/v2\/media?parent=86"}],"curies":[{"name":"wp","href":"https:\/\/api.w.org\/{rel}","templated":true}]}}