{"id":33,"date":"2025-01-21T11:53:30","date_gmt":"2025-01-21T10:53:30","guid":{"rendered":"http:\/\/www.ans.alsace\/loc\/?page_id=33"},"modified":"2025-01-22T12:18:47","modified_gmt":"2025-01-22T11:18:47","slug":"demande-dinfos-location-et-contact","status":"publish","type":"page","link":"http:\/\/www.ans.alsace\/loc\/demande-dinfos-location-et-contact\/","title":{"rendered":"demande d&rsquo;infos location et contact"},"content":{"rendered":"\t\t<div data-elementor-type=\"wp-page\" data-elementor-id=\"33\" class=\"elementor elementor-33\">\n\t\t\t\t\t\t<section class=\"elementor-section elementor-top-section elementor-element elementor-element-7e075a6 elementor-section-boxed elementor-section-height-default elementor-section-height-default\" data-id=\"7e075a6\" data-element_type=\"section\">\n\t\t\t\t\t\t<div class=\"elementor-container elementor-column-gap-default\">\n\t\t\t\t\t<div class=\"elementor-column elementor-col-100 elementor-top-column elementor-element elementor-element-cf996e9\" data-id=\"cf996e9\" data-element_type=\"column\">\n\t\t\t<div class=\"elementor-widget-wrap elementor-element-populated\">\n\t\t\t\t\t\t<div class=\"elementor-element elementor-element-7c55f1c elementor-widget elementor-widget-heading\" data-id=\"7c55f1c\" data-element_type=\"widget\" data-widget_type=\"heading.default\">\n\t\t\t\t<div class=\"elementor-widget-container\">\n\t\t\t\t\t<h2 class=\"elementor-heading-title elementor-size-default\">Pour nous contacter \/ r\u00e9server du mat\u00e9riel<\/h2>\t\t\t\t<\/div>\n\t\t\t\t<\/div>\n\t\t\t\t\t<\/div>\n\t\t<\/div>\n\t\t\t\t\t<\/div>\n\t\t<\/section>\n\t\t\t\t<section class=\"elementor-section elementor-top-section elementor-element elementor-element-77168a7 elementor-section-boxed elementor-section-height-default elementor-section-height-default\" data-id=\"77168a7\" data-element_type=\"section\">\n\t\t\t\t\t\t<div class=\"elementor-container elementor-column-gap-default\">\n\t\t\t\t\t<div class=\"elementor-column elementor-col-50 elementor-top-column elementor-element elementor-element-d9b28bf\" data-id=\"d9b28bf\" data-element_type=\"column\">\n\t\t\t<div class=\"elementor-widget-wrap elementor-element-populated\">\n\t\t\t\t\t\t<div class=\"elementor-element elementor-element-ff25ebd elementor-widget elementor-widget-shortcode\" data-id=\"ff25ebd\" data-element_type=\"widget\" data-widget_type=\"shortcode.default\">\n\t\t\t\t<div class=\"elementor-widget-container\">\n\t\t\t\t\t\t\t<div class=\"elementor-shortcode\">\n<div class=\"wpcf7 no-js\" id=\"wpcf7-f32-o1\" lang=\"fr-FR\" dir=\"ltr\" data-wpcf7-id=\"32\">\n<div class=\"screen-reader-response\"><p role=\"status\" aria-live=\"polite\" aria-atomic=\"true\"><\/p> <ul><\/ul><\/div>\n<form action=\"\/loc\/wp-json\/wp\/v2\/pages\/33#wpcf7-f32-o1\" method=\"post\" class=\"wpcf7-form init\" aria-label=\"Formulaire de contact\" novalidate=\"novalidate\" data-status=\"init\">\n<div style=\"display: none;\">\n<input type=\"hidden\" name=\"_wpcf7\" value=\"32\" \/>\n<input type=\"hidden\" name=\"_wpcf7_version\" value=\"6.0.6\" \/>\n<input type=\"hidden\" name=\"_wpcf7_locale\" value=\"fr_FR\" \/>\n<input type=\"hidden\" name=\"_wpcf7_unit_tag\" value=\"wpcf7-f32-o1\" \/>\n<input type=\"hidden\" name=\"_wpcf7_container_post\" value=\"0\" \/>\n<input type=\"hidden\" name=\"_wpcf7_posted_data_hash\" value=\"\" \/>\n<\/div>\n<p><label> Votre nom<br \/>\n<span class=\"wpcf7-form-control-wrap\" data-name=\"your-name\"><input size=\"40\" maxlength=\"400\" class=\"wpcf7-form-control wpcf7-text wpcf7-validates-as-required\" aria-required=\"true\" aria-invalid=\"false\" value=\"\" type=\"text\" name=\"your-name\" \/><\/span> <\/label>\n<\/p>\n<p><label> Votre num\u00e9ro<br \/>\n<span class=\"wpcf7-form-control-wrap\" data-name=\"tel-709\"><input size=\"40\" maxlength=\"400\" class=\"wpcf7-form-control wpcf7-tel wpcf7-validates-as-required wpcf7-text wpcf7-validates-as-tel\" aria-required=\"true\" aria-invalid=\"false\" value=\"\" type=\"tel\" name=\"tel-709\" \/><\/span> <\/label>\n<\/p>\n<p><label> Votre e-mail<br \/>\n<span class=\"wpcf7-form-control-wrap\" data-name=\"your-email\"><input size=\"40\" maxlength=\"400\" class=\"wpcf7-form-control wpcf7-email wpcf7-validates-as-required wpcf7-text wpcf7-validates-as-email\" aria-required=\"true\" aria-invalid=\"false\" value=\"\" type=\"email\" name=\"your-email\" \/><\/span> <\/label>\n<\/p>\n<p><label> Objet<br \/>\n<span class=\"wpcf7-form-control-wrap\" data-name=\"menu-849\"><select class=\"wpcf7-form-control wpcf7-select wpcf7-validates-as-required\" aria-required=\"true\" aria-invalid=\"false\" multiple=\"multiple\" name=\"menu-849[]\"><option value=\"infos\">infos<\/option><option value=\"devis\">devis<\/option><\/select><\/span><\/label>\n<\/p>\n<p><label> Coordonn\u00e9es compl\u00e8tes<br \/>\npour la r\u00e9daction devis<br \/>\n<span class=\"wpcf7-form-control-wrap\" data-name=\"nom-devis\"><textarea cols=\"40\" rows=\"10\" maxlength=\"2000\" class=\"wpcf7-form-control wpcf7-textarea\" aria-invalid=\"false\" name=\"nom-devis\"><\/textarea><\/span> <\/label>\n<\/p>\n<p><label> Votre message<br \/>\n- pour les demandes de location veuillez lister le mat\u00e9riel et la dur\u00e9e<br \/>\n- pour les locations de kits avec plusieurs articles nous pouvons vous transmettre un fichier avec liste des produits et quantit\u00e9s \u00e0 s\u00e9lectionner<\/label><br \/>\n<span class=\"wpcf7-form-control-wrap\" data-name=\"your-message\"><textarea cols=\"40\" rows=\"10\" maxlength=\"2000\" class=\"wpcf7-form-control wpcf7-textarea\" aria-invalid=\"false\" name=\"your-message\"><\/textarea><\/span>\n<\/p>\n<p><input class=\"wpcf7-form-control wpcf7-submit has-spinner\" type=\"submit\" value=\"Envoyer\" \/>\n<\/p><p style=\"display: none !important;\" class=\"akismet-fields-container\" data-prefix=\"_wpcf7_ak_\"><label>&#916;<textarea name=\"_wpcf7_ak_hp_textarea\" cols=\"45\" rows=\"8\" maxlength=\"100\"><\/textarea><\/label><input type=\"hidden\" id=\"ak_js_1\" name=\"_wpcf7_ak_js\" value=\"245\"\/><script>document.getElementById( \"ak_js_1\" ).setAttribute( \"value\", ( new Date() ).getTime() );<\/script><\/p><div class=\"wpcf7-response-output\" aria-hidden=\"true\"><\/div>\n<\/form>\n<\/div>\n<\/div>\n\t\t\t\t\t\t<\/div>\n\t\t\t\t<\/div>\n\t\t\t\t\t<\/div>\n\t\t<\/div>\n\t\t\t\t<div class=\"elementor-column elementor-col-50 elementor-top-column elementor-element elementor-element-d84dc74\" data-id=\"d84dc74\" data-element_type=\"column\">\n\t\t\t<div class=\"elementor-widget-wrap elementor-element-populated\">\n\t\t\t\t\t\t<div class=\"elementor-element elementor-element-688c9dc elementor-widget elementor-widget-text-editor\" data-id=\"688c9dc\" data-element_type=\"widget\" data-widget_type=\"text-editor.default\">\n\t\t\t\t<div class=\"elementor-widget-container\">\n\t\t\t\t\t\t\t\t\t<p>Vous souhaitez plus de d\u00e9tails sur un produit, un devis, ou d&rsquo;autres informations?<br \/>Vous pouvez nous envoyer un email \u00e0 <i>location@alcanautha.com<\/i> <br \/>ou via le formulaire ci-contre.<\/p>\t\t\t\t\t\t\t\t<\/div>\n\t\t\t\t<\/div>\n\t\t\t\t<div class=\"elementor-element elementor-element-7d38316 elementor-widget elementor-widget-heading\" data-id=\"7d38316\" data-element_type=\"widget\" data-widget_type=\"heading.default\">\n\t\t\t\t<div class=\"elementor-widget-container\">\n\t\t\t\t\t<h2 class=\"elementor-heading-title elementor-size-default\">Conditions de location :<\/h2>\t\t\t\t<\/div>\n\t\t\t\t<\/div>\n\t\t\t\t<div class=\"elementor-element elementor-element-59213f6 elementor-widget elementor-widget-text-editor\" data-id=\"59213f6\" data-element_type=\"widget\" data-widget_type=\"text-editor.default\">\n\t\t\t\t<div class=\"elementor-widget-container\">\n\t\t\t\t\t\t\t\t\t<p>Notre mat\u00e9riel est disponible en location pour les professionnels et les particulier.<\/p><p>Chaque demande de location fait l&rsquo;objet d&rsquo;un devis.<\/p><p>les prix indiqu\u00e9s sur les fiches produits sont valables pour le premier jour de location et d\u00e9gressifs pour les suivant.<\/p><p>Conditions particuli\u00e8res pour les particuliers et autoentrepreneurs :<\/p><ul><li>R\u00e8glement par ch\u00e8que ou virement lors ou avant l\u2019enl\u00e8vement du mat\u00e9riel<\/li><li>fournir une copie de la pi\u00e8ce d&rsquo;identit\u00e9 + justificatif de domicile datant de moins d&rsquo;un mois<\/li><li>Un ch\u00e8que de caution selon les conditions du devis<\/li><\/ul><p>Conditions particuli\u00e8res pour les entreprises :<\/p><ul><li style=\"list-style-type: none;\"><ul><li>R\u00e8glement par\u00a0 virement \u00e0 l\u2019acception du devis<\/li><li>fournir les coordonn\u00e9es de facturations + extrait kbis<\/li><li>Un ch\u00e8que de caution selon les conditions du devis<\/li><\/ul><\/li><\/ul>\t\t\t\t\t\t\t\t<\/div>\n\t\t\t\t<\/div>\n\t\t\t\t<div class=\"elementor-element elementor-element-ee6b14d elementor-widget elementor-widget-heading\" data-id=\"ee6b14d\" data-element_type=\"widget\" data-widget_type=\"heading.default\">\n\t\t\t\t<div class=\"elementor-widget-container\">\n\t\t\t\t\t<h2 class=\"elementor-heading-title elementor-size-default\">Pour nous trouver \u00e0 proximit\u00e9 de Mulhouse...<\/h2>\t\t\t\t<\/div>\n\t\t\t\t<\/div>\n\t\t\t\t<div class=\"elementor-element elementor-element-c32c086 elementor-widget elementor-widget-google_maps\" data-id=\"c32c086\" data-element_type=\"widget\" data-widget_type=\"google_maps.default\">\n\t\t\t\t<div class=\"elementor-widget-container\">\n\t\t\t\t\t\t\t<div class=\"elementor-custom-embed\">\n\t\t\t<iframe loading=\"lazy\"\n\t\t\t\t\tsrc=\"https:\/\/maps.google.com\/maps?q=pont%20d%27aspach&#038;t=m&#038;z=7&#038;output=embed&#038;iwloc=near\"\n\t\t\t\t\ttitle=\"pont d&#039;aspach\"\n\t\t\t\t\taria-label=\"pont d&#039;aspach\"\n\t\t\t><\/iframe>\n\t\t<\/div>\n\t\t\t\t\t\t<\/div>\n\t\t\t\t<\/div>\n\t\t\t\t<div class=\"elementor-element elementor-element-80a9135 elementor-widget elementor-widget-text-editor\" data-id=\"80a9135\" data-element_type=\"widget\" data-widget_type=\"text-editor.default\">\n\t\t\t\t<div class=\"elementor-widget-container\">\n\t\t\t\t\t\t\t\t\t<p>Nos locaux ont quitt\u00e9 Mulhouse pour la campagne \u00e0 5 min de l&rsquo;A36 et de la RN83, proche du pont d&rsquo;Aspach 68520 Burnhaupt. L&rsquo;adresse pr\u00e9cise vous serra communiqu\u00e9 lors de la prise de rdv pour l&rsquo;enl\u00e8vement du mat\u00e9riel.<\/p>\t\t\t\t\t\t\t\t<\/div>\n\t\t\t\t<\/div>\n\t\t\t\t\t<\/div>\n\t\t<\/div>\n\t\t\t\t\t<\/div>\n\t\t<\/section>\n\t\t\t\t<section class=\"elementor-section elementor-top-section elementor-element elementor-element-790b1dd elementor-section-boxed elementor-section-height-default elementor-section-height-default\" data-id=\"790b1dd\" data-element_type=\"section\">\n\t\t\t\t\t\t<div class=\"elementor-container elementor-column-gap-default\">\n\t\t\t\t\t<div class=\"elementor-column elementor-col-100 elementor-top-column elementor-element elementor-element-30a6ae7\" data-id=\"30a6ae7\" data-element_type=\"column\">\n\t\t\t<div class=\"elementor-widget-wrap elementor-element-populated\">\n\t\t\t\t\t\t<div class=\"elementor-element elementor-element-adaf687 elementor-widget elementor-widget-text-editor\" data-id=\"adaf687\" data-element_type=\"widget\" data-widget_type=\"text-editor.default\">\n\t\t\t\t<div class=\"elementor-widget-container\">\n\t\t\t\t\t\t\t\t\t<p>D&rsquo;autres r\u00e9f\u00e9rences produits peuvent \u00eatre disponibles en location aupr\u00e8s de nos partenaires sur simple demande. N&rsquo;h\u00e9sitez pas \u00e0 nous contacter par email pour plus d&rsquo;information.<\/p>\t\t\t\t\t\t\t\t<\/div>\n\t\t\t\t<\/div>\n\t\t\t\t\t<\/div>\n\t\t<\/div>\n\t\t\t\t\t<\/div>\n\t\t<\/section>\n\t\t\t\t<\/div>\n\t\t","protected":false},"excerpt":{"rendered":"<p>Pour nous contacter \/ r\u00e9server du mat\u00e9riel Vous souhaitez plus de d\u00e9tails sur un produit, un devis, ou d&rsquo;autres informations?Vous pouvez nous envoyer un email \u00e0 location@alcanautha.com ou via le formulaire ci-contre. Conditions de location : Notre mat\u00e9riel est disponible en location pour les professionnels et les particulier. Chaque demande de location fait l&rsquo;objet d&rsquo;un &hellip; <\/p>\n<p class=\"link-more\"><a href=\"http:\/\/www.ans.alsace\/loc\/demande-dinfos-location-et-contact\/\" class=\"more-link\">Continuer la lecture<span class=\"screen-reader-text\"> de &laquo;&nbsp;demande d&rsquo;infos location et contact&nbsp;&raquo;<\/span><\/a><\/p>\n","protected":false},"author":1,"featured_media":0,"parent":0,"menu_order":0,"comment_status":"closed","ping_status":"closed","template":"elementor_header_footer","meta":{"footnotes":""},"class_list":["post-33","page","type-page","status-publish","hentry"],"yoast_head":"<!-- This site is optimized with the Yoast SEO plugin v25.6 - https:\/\/yoast.com\/wordpress\/plugins\/seo\/ -->\n<title>demande d&#039;infos location et contact - ANS Location<\/title>\n<meta name=\"robots\" content=\"index, follow, max-snippet:-1, max-image-preview:large, max-video-preview:-1\" \/>\n<link rel=\"canonical\" href=\"https:\/\/www.ans.alsace\/loc\/demande-dinfos-location-et-contact\/\" \/>\n<meta property=\"og:locale\" content=\"fr_FR\" \/>\n<meta property=\"og:type\" content=\"article\" \/>\n<meta property=\"og:title\" content=\"demande d&#039;infos location et contact - ANS Location\" \/>\n<meta property=\"og:description\" content=\"Pour nous contacter \/ r\u00e9server du mat\u00e9riel Vous souhaitez plus de d\u00e9tails sur un produit, un devis, ou d&rsquo;autres informations?Vous pouvez nous envoyer un email \u00e0 location@alcanautha.com ou via le formulaire ci-contre. Conditions de location : Notre mat\u00e9riel est disponible en location pour les professionnels et les particulier. Chaque demande de location fait l&rsquo;objet d&rsquo;un &hellip; Continuer la lecture de &laquo;&nbsp;demande d&rsquo;infos location et contact&nbsp;&raquo;\" \/>\n<meta property=\"og:url\" content=\"https:\/\/www.ans.alsace\/loc\/demande-dinfos-location-et-contact\/\" \/>\n<meta property=\"og:site_name\" content=\"ANS Location\" \/>\n<meta property=\"article:modified_time\" content=\"2025-01-22T11:18:47+00:00\" \/>\n<meta name=\"twitter:card\" content=\"summary_large_image\" \/>\n<meta name=\"twitter:label1\" content=\"Dur\u00e9e de lecture estim\u00e9e\" \/>\n\t<meta name=\"twitter:data1\" content=\"2 minutes\" \/>\n<script type=\"application\/ld+json\" class=\"yoast-schema-graph\">{\"@context\":\"https:\/\/schema.org\",\"@graph\":[{\"@type\":\"WebPage\",\"@id\":\"https:\/\/www.ans.alsace\/loc\/demande-dinfos-location-et-contact\/\",\"url\":\"https:\/\/www.ans.alsace\/loc\/demande-dinfos-location-et-contact\/\",\"name\":\"demande d'infos location et contact - ANS Location\",\"isPartOf\":{\"@id\":\"http:\/\/www.ans.alsace\/loc\/#website\"},\"datePublished\":\"2025-01-21T10:53:30+00:00\",\"dateModified\":\"2025-01-22T11:18:47+00:00\",\"breadcrumb\":{\"@id\":\"https:\/\/www.ans.alsace\/loc\/demande-dinfos-location-et-contact\/#breadcrumb\"},\"inLanguage\":\"fr-FR\",\"potentialAction\":[{\"@type\":\"ReadAction\",\"target\":[\"https:\/\/www.ans.alsace\/loc\/demande-dinfos-location-et-contact\/\"]}]},{\"@type\":\"BreadcrumbList\",\"@id\":\"https:\/\/www.ans.alsace\/loc\/demande-dinfos-location-et-contact\/#breadcrumb\",\"itemListElement\":[{\"@type\":\"ListItem\",\"position\":1,\"name\":\"Accueil\",\"item\":\"http:\/\/www.ans.alsace\/loc\/\"},{\"@type\":\"ListItem\",\"position\":2,\"name\":\"demande d&rsquo;infos location et contact\"}]},{\"@type\":\"WebSite\",\"@id\":\"http:\/\/www.ans.alsace\/loc\/#website\",\"url\":\"http:\/\/www.ans.alsace\/loc\/\",\"name\":\"ANS Location\",\"description\":\"loueur de mat\u00e9riel audiovisuel autour de Mulhouse\",\"potentialAction\":[{\"@type\":\"SearchAction\",\"target\":{\"@type\":\"EntryPoint\",\"urlTemplate\":\"http:\/\/www.ans.alsace\/loc\/?s={search_term_string}\"},\"query-input\":{\"@type\":\"PropertyValueSpecification\",\"valueRequired\":true,\"valueName\":\"search_term_string\"}}],\"inLanguage\":\"fr-FR\"}]}<\/script>\n<!-- \/ Yoast SEO plugin. -->","yoast_head_json":{"title":"demande d'infos location et contact - ANS Location","robots":{"index":"index","follow":"follow","max-snippet":"max-snippet:-1","max-image-preview":"max-image-preview:large","max-video-preview":"max-video-preview:-1"},"canonical":"https:\/\/www.ans.alsace\/loc\/demande-dinfos-location-et-contact\/","og_locale":"fr_FR","og_type":"article","og_title":"demande d'infos location et contact - ANS Location","og_description":"Pour nous contacter \/ r\u00e9server du mat\u00e9riel Vous souhaitez plus de d\u00e9tails sur un produit, un devis, ou d&rsquo;autres informations?Vous pouvez nous envoyer un email \u00e0 location@alcanautha.com ou via le formulaire ci-contre. Conditions de location : Notre mat\u00e9riel est disponible en location pour les professionnels et les particulier. Chaque demande de location fait l&rsquo;objet d&rsquo;un &hellip; Continuer la lecture de &laquo;&nbsp;demande d&rsquo;infos location et contact&nbsp;&raquo;","og_url":"https:\/\/www.ans.alsace\/loc\/demande-dinfos-location-et-contact\/","og_site_name":"ANS Location","article_modified_time":"2025-01-22T11:18:47+00:00","twitter_card":"summary_large_image","twitter_misc":{"Dur\u00e9e de lecture estim\u00e9e":"2 minutes"},"schema":{"@context":"https:\/\/schema.org","@graph":[{"@type":"WebPage","@id":"https:\/\/www.ans.alsace\/loc\/demande-dinfos-location-et-contact\/","url":"https:\/\/www.ans.alsace\/loc\/demande-dinfos-location-et-contact\/","name":"demande d'infos location et contact - ANS Location","isPartOf":{"@id":"http:\/\/www.ans.alsace\/loc\/#website"},"datePublished":"2025-01-21T10:53:30+00:00","dateModified":"2025-01-22T11:18:47+00:00","breadcrumb":{"@id":"https:\/\/www.ans.alsace\/loc\/demande-dinfos-location-et-contact\/#breadcrumb"},"inLanguage":"fr-FR","potentialAction":[{"@type":"ReadAction","target":["https:\/\/www.ans.alsace\/loc\/demande-dinfos-location-et-contact\/"]}]},{"@type":"BreadcrumbList","@id":"https:\/\/www.ans.alsace\/loc\/demande-dinfos-location-et-contact\/#breadcrumb","itemListElement":[{"@type":"ListItem","position":1,"name":"Accueil","item":"http:\/\/www.ans.alsace\/loc\/"},{"@type":"ListItem","position":2,"name":"demande d&rsquo;infos location et contact"}]},{"@type":"WebSite","@id":"http:\/\/www.ans.alsace\/loc\/#website","url":"http:\/\/www.ans.alsace\/loc\/","name":"ANS Location","description":"loueur de mat\u00e9riel audiovisuel autour de Mulhouse","potentialAction":[{"@type":"SearchAction","target":{"@type":"EntryPoint","urlTemplate":"http:\/\/www.ans.alsace\/loc\/?s={search_term_string}"},"query-input":{"@type":"PropertyValueSpecification","valueRequired":true,"valueName":"search_term_string"}}],"inLanguage":"fr-FR"}]}},"_links":{"self":[{"href":"http:\/\/www.ans.alsace\/loc\/wp-json\/wp\/v2\/pages\/33"}],"collection":[{"href":"http:\/\/www.ans.alsace\/loc\/wp-json\/wp\/v2\/pages"}],"about":[{"href":"http:\/\/www.ans.alsace\/loc\/wp-json\/wp\/v2\/types\/page"}],"author":[{"embeddable":true,"href":"http:\/\/www.ans.alsace\/loc\/wp-json\/wp\/v2\/users\/1"}],"replies":[{"embeddable":true,"href":"http:\/\/www.ans.alsace\/loc\/wp-json\/wp\/v2\/comments?post=33"}],"version-history":[{"count":13,"href":"http:\/\/www.ans.alsace\/loc\/wp-json\/wp\/v2\/pages\/33\/revisions"}],"predecessor-version":[{"id":214,"href":"http:\/\/www.ans.alsace\/loc\/wp-json\/wp\/v2\/pages\/33\/revisions\/214"}],"wp:attachment":[{"href":"http:\/\/www.ans.alsace\/loc\/wp-json\/wp\/v2\/media?parent=33"}],"curies":[{"name":"wp","href":"https:\/\/api.w.org\/{rel}","templated":true}]}}